{"id":992,"date":"2021-07-05T18:17:29","date_gmt":"2021-07-05T18:17:29","guid":{"rendered":"https:\/\/marianaribeiro.com.br\/2021\/?page_id=992"},"modified":"2021-09-03T19:24:00","modified_gmt":"2021-09-03T19:24:00","slug":"cartadadircao","status":"publish","type":"page","link":"https:\/\/marianaribeiro.com.br\/2021\/cartadadircao\/","title":{"rendered":"Carta da dire\u00e7\u00e3o"},"content":{"rendered":"\t\t<div data-elementor-type=\"wp-post\" data-elementor-id=\"992\" class=\"elementor elementor-992\" data-elementor-post-type=\"page\">\n\t\t\t\t\t\t<section class=\"elementor-section elementor-top-section elementor-element elementor-element-eb270ed elementor-section-boxed elementor-section-height-default elementor-section-height-default\" data-id=\"eb270ed\" data-element_type=\"section\" data-settings=\"{&quot;shape_divider_top&quot;:&quot;opacity-tilt&quot;}\">\n\t\t\t\t\t<div class=\"elementor-shape elementor-shape-top\" aria-hidden=\"true\" data-negative=\"false\">\n\t\t\t<svg xmlns=\"http:\/\/www.w3.org\/2000\/svg\" viewBox=\"0 0 2600 131.1\" preserveAspectRatio=\"none\">\n\t<path class=\"elementor-shape-fill\" d=\"M0 0L2600 0 2600 69.1 0 0z\"\/>\n\t<path class=\"elementor-shape-fill\" style=\"opacity:0.5\" d=\"M0 0L2600 0 2600 69.1 0 69.1z\"\/>\n\t<path class=\"elementor-shape-fill\" style=\"opacity:0.25\" d=\"M2600 0L0 0 0 130.1 2600 69.1z\"\/>\n<\/svg>\t\t<\/div>\n\t\t\t\t\t<div class=\"elementor-container elementor-column-gap-default\">\n\t\t\t\t\t<div class=\"elementor-column elementor-col-100 elementor-top-column elementor-element elementor-element-6767547\" data-id=\"6767547\" data-element_type=\"column\">\n\t\t\t<div class=\"elementor-widget-wrap elementor-element-populated\">\n\t\t\t\t\t\t<div class=\"elementor-element elementor-element-d57e94b elementor-headline--style-highlight elementor-widget elementor-widget-animated-headline\" data-id=\"d57e94b\" data-element_type=\"widget\" data-settings=\"{&quot;marker&quot;:&quot;diagonal&quot;,&quot;highlighted_text&quot;:&quot;Carta da Dire\\u00e7\\u00e3o&quot;,&quot;headline_style&quot;:&quot;highlight&quot;,&quot;loop&quot;:&quot;yes&quot;,&quot;highlight_animation_duration&quot;:1200,&quot;highlight_iteration_delay&quot;:8000}\" data-widget_type=\"animated-headline.default\">\n\t\t\t\t<div class=\"elementor-widget-container\">\n\t\t\t\t\t\t\t<h3 class=\"elementor-headline\">\n\t\t\t\t<span class=\"elementor-headline-dynamic-wrapper elementor-headline-text-wrapper\">\n\t\t\t\t\t<span class=\"elementor-headline-dynamic-text elementor-headline-text-active\">Carta da Dire\u00e7\u00e3o<\/span>\n\t\t\t\t<\/span>\n\t\t\t\t<\/h3>\n\t\t\t\t\t\t<\/div>\n\t\t\t\t<\/div>\n\t\t\t\t\t<\/div>\n\t\t<\/div>\n\t\t\t\t\t<\/div>\n\t\t<\/section>\n\t\t\t\t<section class=\"elementor-section elementor-top-section elementor-element elementor-element-fa0e65f elementor-section-boxed elementor-section-height-default elementor-section-height-default\" data-id=\"fa0e65f\" data-element_type=\"section\">\n\t\t\t\t\t\t<div class=\"elementor-container elementor-column-gap-default\">\n\t\t\t\t\t<div class=\"elementor-column elementor-col-50 elementor-top-column elementor-element elementor-element-a32db15\" data-id=\"a32db15\" data-element_type=\"column\">\n\t\t\t<div class=\"elementor-widget-wrap elementor-element-populated\">\n\t\t\t\t\t\t<div class=\"elementor-element elementor-element-5a3f488 elementor-widget elementor-widget-text-editor\" data-id=\"5a3f488\" data-element_type=\"widget\" data-widget_type=\"text-editor.default\">\n\t\t\t\t<div class=\"elementor-widget-container\">\n\t\t\t\t\t\t\t\t\t<p>Queridas fam\u00edlias,<\/p><p>Sonhar \u00e9 bom! Viver os sonhos que planejamos \u00e9 melhor ainda, mas viver os sonhos que Deus planejou para cada um de n\u00f3s \u00e9 <span style=\"color: #ff6600;\"><strong>espetacular<\/strong><\/span>!<\/p><p>Existem sonhos que n\u00e3o s\u00e3o planejados por n\u00f3s, e esses s\u00e3o os que Deus tem para cada um. Ele nos criou para que viv\u00eassemos os sonhos reservados por Ele e escolheu voc\u00ea para que os viva.<\/p><p>O N\u00facleo Educacional Mariana Ribeiro nasceu primeiro no cora\u00e7\u00e3o de Deus, foi um sonho que Ele reservou e nos concretizou.\u00a0<\/p><p><strong><span style=\"color: #ff6600;\">Assim, no despertar da paix\u00e3o por ensinar, integramos as diferentes disciplinas para oferecer aos nossos alunos uma aprendizagem mais din\u00e2mica, significativa, cognitiva e vencedora desde a Educa\u00e7\u00e3o Infantil at\u00e9 o 9\u00ba Ano!<\/span><\/strong><\/p><p>\u00a0<\/p><p>Atenciosamente,<\/p><p><span style=\"color: #ff6600;\"><em>Michele Bachesque<\/em><\/span><\/p>\t\t\t\t\t\t\t\t<\/div>\n\t\t\t\t<\/div>\n\t\t\t\t\t<\/div>\n\t\t<\/div>\n\t\t\t\t<div class=\"elementor-column elementor-col-50 elementor-top-column elementor-element elementor-element-bfd55bc\" data-id=\"bfd55bc\" data-element_type=\"column\">\n\t\t\t<div class=\"elementor-widget-wrap elementor-element-populated\">\n\t\t\t\t\t\t<div class=\"elementor-element elementor-element-0f8c2fd elementor-widget elementor-widget-image\" data-id=\"0f8c2fd\" data-element_type=\"widget\" data-widget_type=\"image.default\">\n\t\t\t\t<div class=\"elementor-widget-container\">\n\t\t\t\t\t\t\t\t\t\t\t\t\t\t\t<img fetchpriority=\"high\" decoding=\"async\" width=\"682\" height=\"1024\" src=\"https:\/\/marianaribeiro.com.br\/2021\/wp-content\/uploads\/2021\/09\/WhatsApp-Image-2021-09-03-at-13.58.59-682x1024.jpeg\" class=\"attachment-large size-large wp-image-1796\" alt=\"\" srcset=\"https:\/\/marianaribeiro.com.br\/2021\/wp-content\/uploads\/2021\/09\/WhatsApp-Image-2021-09-03-at-13.58.59-682x1024.jpeg 682w, https:\/\/marianaribeiro.com.br\/2021\/wp-content\/uploads\/2021\/09\/WhatsApp-Image-2021-09-03-at-13.58.59-200x300.jpeg 200w, https:\/\/marianaribeiro.com.br\/2021\/wp-content\/uploads\/2021\/09\/WhatsApp-Image-2021-09-03-at-13.58.59-768x1153.jpeg 768w, https:\/\/marianaribeiro.com.br\/2021\/wp-content\/uploads\/2021\/09\/WhatsApp-Image-2021-09-03-at-13.58.59-1023x1536.jpeg 1023w, https:\/\/marianaribeiro.com.br\/2021\/wp-content\/uploads\/2021\/09\/WhatsApp-Image-2021-09-03-at-13.58.59.jpeg 1066w\" sizes=\"(max-width: 682px) 100vw, 682px\" \/>\t\t\t\t\t\t\t\t\t\t\t\t\t\t\t<\/div>\n\t\t\t\t<\/div>\n\t\t\t\t\t<\/div>\n\t\t<\/div>\n\t\t\t\t\t<\/div>\n\t\t<\/section>\n\t\t\t\t<\/div>\n\t\t","protected":false},"excerpt":{"rendered":"<p class=\"qua-blog-post-description\">Carta da Dire\u00e7\u00e3o Queridas fam\u00edlias, Sonhar \u00e9 bom! Viver os sonhos que planejamos \u00e9 melhor ainda, mas viver os sonhos que Deus planejou para cada um de n\u00f3s \u00e9 espetacular! Existem sonhos que n\u00e3o s\u00e3o planejados por n\u00f3s, e esses s\u00e3o os que Deus tem para cada um. Ele nos criou para que viv\u00eassemos os [&hellip;]<\/p>\n","protected":false},"author":1,"featured_media":0,"parent":0,"menu_order":0,"comment_status":"closed","ping_status":"closed","template":"elementor_header_footer","meta":{"ngg_post_thumbnail":0,"footnotes":""},"class_list":["post-992","page","type-page","status-publish","hentry"],"_links":{"self":[{"href":"https:\/\/marianaribeiro.com.br\/2021\/wp-json\/wp\/v2\/pages\/992","targetHints":{"allow":["GET"]}}],"collection":[{"href":"https:\/\/marianaribeiro.com.br\/2021\/wp-json\/wp\/v2\/pages"}],"about":[{"href":"https:\/\/marianaribeiro.com.br\/2021\/wp-json\/wp\/v2\/types\/page"}],"author":[{"embeddable":true,"href":"https:\/\/marianaribeiro.com.br\/2021\/wp-json\/wp\/v2\/users\/1"}],"replies":[{"embeddable":true,"href":"https:\/\/marianaribeiro.com.br\/2021\/wp-json\/wp\/v2\/comments?post=992"}],"version-history":[{"count":30,"href":"https:\/\/marianaribeiro.com.br\/2021\/wp-json\/wp\/v2\/pages\/992\/revisions"}],"predecessor-version":[{"id":1805,"href":"https:\/\/marianaribeiro.com.br\/2021\/wp-json\/wp\/v2\/pages\/992\/revisions\/1805"}],"wp:attachment":[{"href":"https:\/\/marianaribeiro.com.br\/2021\/wp-json\/wp\/v2\/media?parent=992"}],"curies":[{"name":"wp","href":"https:\/\/api.w.org\/{rel}","templated":true}]}}