{"id":826,"date":"2020-11-04T05:00:50","date_gmt":"2020-11-04T05:00:50","guid":{"rendered":"https:\/\/marianaribeiro.com.br\/2021\/?page_id=826"},"modified":"2021-09-22T18:30:41","modified_gmt":"2021-09-22T18:30:41","slug":"agende-sua-visita","status":"publish","type":"page","link":"https:\/\/marianaribeiro.com.br\/2021\/agende-sua-visita\/","title":{"rendered":"Agende Sua Visita"},"content":{"rendered":"\t\t<div data-elementor-type=\"wp-page\" data-elementor-id=\"826\" class=\"elementor elementor-826\" data-elementor-post-type=\"page\">\n\t\t\t\t\t\t<section class=\"elementor-section elementor-top-section elementor-element elementor-element-3044f82 elementor-section-boxed elementor-section-height-default elementor-section-height-default\" data-id=\"3044f82\" data-element_type=\"section\">\n\t\t\t\t\t\t<div class=\"elementor-container elementor-column-gap-default\">\n\t\t\t\t\t<div class=\"elementor-column elementor-col-100 elementor-top-column elementor-element elementor-element-b3feb70\" data-id=\"b3feb70\" data-element_type=\"column\">\n\t\t\t<div class=\"elementor-widget-wrap elementor-element-populated\">\n\t\t\t\t\t\t<div class=\"elementor-element elementor-element-446c3f8 elementor-widget elementor-widget-heading\" data-id=\"446c3f8\" data-element_type=\"widget\" data-widget_type=\"heading.default\">\n\t\t\t\t<div class=\"elementor-widget-container\">\n\t\t\t\t\t<span class=\"elementor-heading-title elementor-size-default\">Agende Sua Visita\n<\/span>\t\t\t\t<\/div>\n\t\t\t\t<\/div>\n\t\t\t\t\t<\/div>\n\t\t<\/div>\n\t\t\t\t\t<\/div>\n\t\t<\/section>\n\t\t\t\t<section class=\"elementor-section elementor-top-section elementor-element elementor-element-f4cc031 elementor-section-boxed elementor-section-height-default elementor-section-height-default\" data-id=\"f4cc031\" data-element_type=\"section\">\n\t\t\t\t\t\t<div class=\"elementor-container elementor-column-gap-default\">\n\t\t\t\t\t<div class=\"elementor-column elementor-col-100 elementor-top-column elementor-element elementor-element-1e09de8\" data-id=\"1e09de8\" data-element_type=\"column\">\n\t\t\t<div class=\"elementor-widget-wrap elementor-element-populated\">\n\t\t\t\t\t\t<div class=\"elementor-element elementor-element-d111707 elementor-widget elementor-widget-text-editor\" data-id=\"d111707\" data-element_type=\"widget\" data-widget_type=\"text-editor.default\">\n\t\t\t\t<div class=\"elementor-widget-container\">\n\t\t\t\t\t\t\t\t\t<p>Preencha o Formul\u00e1rio abaixo para agendar sua visita e conhecer o\u00a0<b>N\u00facleo Educacional Mariana Ribeiro<\/b>!\u00a0<\/p>\t\t\t\t\t\t\t\t<\/div>\n\t\t\t\t<\/div>\n\t\t\t\t\t<\/div>\n\t\t<\/div>\n\t\t\t\t\t<\/div>\n\t\t<\/section>\n\t\t\t\t<section class=\"elementor-section elementor-top-section elementor-element elementor-element-8c9e054 elementor-section-boxed elementor-section-height-default elementor-section-height-default\" data-id=\"8c9e054\" data-element_type=\"section\">\n\t\t\t\t\t\t<div class=\"elementor-container elementor-column-gap-default\">\n\t\t\t\t\t<div class=\"elementor-column elementor-col-50 elementor-top-column elementor-element elementor-element-d05f9f5\" data-id=\"d05f9f5\" data-element_type=\"column\">\n\t\t\t<div class=\"elementor-widget-wrap elementor-element-populated\">\n\t\t\t\t\t\t<div class=\"elementor-element elementor-element-a9e3042 elementor-widget elementor-widget-text-editor\" data-id=\"a9e3042\" data-element_type=\"widget\" data-widget_type=\"text-editor.default\">\n\t\t\t\t<div class=\"elementor-widget-container\">\n\t\t\t\t\t\t\t\t\t<h1><span style=\"color: #ff6600;\">Como funciona<\/span><\/h1><p>Preencha o formul\u00e1rio a seguir com seus dados de contato para que possamos agendar sua visita e, assim, receb\u00ea-lo com excel\u00eancia!<\/p><p>Ap\u00f3s o preenchimento enviaremos um e-mail de confirma\u00e7\u00e3o da solicita\u00e7\u00e3o da visita.<\/p><p>Para se certificar que voc\u00ea realmente receber\u00e1 o e-mail de confirma\u00e7\u00e3o, preencha o campo com o endere\u00e7o de e-mail que voc\u00ea costuma utilizar com mais frequ\u00eancia.<\/p><p>Ap\u00f3s fazer o cadastro, entraremos em contato por telefone e, assim, agendaremos a sua visita.<\/p><p>Ser\u00e1 um prazer receb\u00ea-lo em nossa escola!<\/p><p style=\"text-align: right;\">Com carinho,<\/p><p style=\"text-align: right;\"><span style=\"color: #ff6600;\"><b>Michele Bachesque<\/b><\/span><\/p>\t\t\t\t\t\t\t\t<\/div>\n\t\t\t\t<\/div>\n\t\t\t\t\t<\/div>\n\t\t<\/div>\n\t\t\t\t<div class=\"elementor-column elementor-col-50 elementor-top-column elementor-element elementor-element-cf07e32\" data-id=\"cf07e32\" data-element_type=\"column\" data-settings=\"{&quot;background_background&quot;:&quot;classic&quot;}\">\n\t\t\t<div class=\"elementor-widget-wrap elementor-element-populated\">\n\t\t\t\t\t\t<div class=\"elementor-element elementor-element-f4f22c4 elementor-widget elementor-widget-heading\" data-id=\"f4f22c4\" data-element_type=\"widget\" data-widget_type=\"heading.default\">\n\t\t\t\t<div class=\"elementor-widget-container\">\n\t\t\t\t\t<span class=\"elementor-heading-title elementor-size-default\">Agende sua Visita!<br>\nBasta preencher o formul\u00e1rio abaixo<\/span>\t\t\t\t<\/div>\n\t\t\t\t<\/div>\n\t\t\t\t<div class=\"elementor-element elementor-element-80b7f3a elementor-button-align-stretch elementor-widget elementor-widget-form\" data-id=\"80b7f3a\" data-element_type=\"widget\" data-settings=\"{&quot;step_next_label&quot;:&quot;Next&quot;,&quot;step_previous_label&quot;:&quot;Previous&quot;,&quot;button_width&quot;:&quot;100&quot;,&quot;step_type&quot;:&quot;number_text&quot;,&quot;step_icon_shape&quot;:&quot;circle&quot;}\" data-widget_type=\"form.default\">\n\t\t\t\t<div class=\"elementor-widget-container\">\n\t\t\t\t\t\t\t<form class=\"elementor-form\" method=\"post\" name=\"AGENDE SUA VISITA\">\n\t\t\t<input type=\"hidden\" name=\"post_id\" value=\"826\"\/>\n\t\t\t<input type=\"hidden\" name=\"form_id\" value=\"80b7f3a\"\/>\n\t\t\t<input type=\"hidden\" name=\"referer_title\" value=\"Ensino Infantil, Fundamental 1 e Fundamental 2 em Jacare\u00ed\" \/>\n\n\t\t\t\n\t\t\t<div class=\"elementor-form-fields-wrapper elementor-labels-above\">\n\t\t\t\t\t\t\t\t<div class=\"elementor-field-type-text elementor-field-group elementor-column elementor-field-group-name elementor-col-100\">\n\t\t\t\t\t\t\t\t\t\t\t\t<label for=\"form-field-name\" class=\"elementor-field-label\">\n\t\t\t\t\t\t\t\tNome\t\t\t\t\t\t\t<\/label>\n\t\t\t\t\t\t\t\t\t\t\t\t\t\t<input size=\"1\" type=\"text\" name=\"form_fields[name]\" id=\"form-field-name\" class=\"elementor-field elementor-size-sm  elementor-field-textual\">\n\t\t\t\t\t\t\t\t\t\t\t<\/div>\n\t\t\t\t\t\t\t\t<div class=\"elementor-field-type-email elementor-field-group elementor-column elementor-field-group-email elementor-col-100 elementor-field-required\">\n\t\t\t\t\t\t\t\t\t\t\t\t<label for=\"form-field-email\" class=\"elementor-field-label\">\n\t\t\t\t\t\t\t\tEmail\t\t\t\t\t\t\t<\/label>\n\t\t\t\t\t\t\t\t\t\t\t\t\t\t<input size=\"1\" type=\"email\" name=\"form_fields[email]\" id=\"form-field-email\" class=\"elementor-field elementor-size-sm  elementor-field-textual\" required=\"required\" aria-required=\"true\">\n\t\t\t\t\t\t\t\t\t\t\t<\/div>\n\t\t\t\t\t\t\t\t<div class=\"elementor-field-type-text elementor-field-group elementor-column elementor-field-group-field_f2674bb elementor-col-100 elementor-field-required\">\n\t\t\t\t\t\t\t\t\t\t\t\t<label for=\"form-field-field_f2674bb\" class=\"elementor-field-label\">\n\t\t\t\t\t\t\t\tCidade\t\t\t\t\t\t\t<\/label>\n\t\t\t\t\t\t\t\t\t\t\t\t\t\t<input size=\"1\" type=\"text\" name=\"form_fields[field_f2674bb]\" id=\"form-field-field_f2674bb\" class=\"elementor-field elementor-size-sm  elementor-field-textual\" required=\"required\" aria-required=\"true\">\n\t\t\t\t\t\t\t\t\t\t\t<\/div>\n\t\t\t\t\t\t\t\t<div class=\"elementor-field-type-radio elementor-field-group elementor-column elementor-field-group-field_94489b3 elementor-col-100 elementor-field-required\">\n\t\t\t\t\t\t\t\t\t\t\t\t<label for=\"form-field-field_94489b3\" class=\"elementor-field-label\">\n\t\t\t\t\t\t\t\tQual o hor\u00e1rio de prefer\u00eancia para a visita?*\t\t\t\t\t\t\t<\/label>\n\t\t\t\t\t\t<div class=\"elementor-field-subgroup  \"><span class=\"elementor-field-option\"><input type=\"radio\" value=\"Per\u00edodo da Manh\u00e3\" id=\"form-field-field_94489b3-0\" name=\"form_fields[field_94489b3]\" required=\"required\" aria-required=\"true\"> <label for=\"form-field-field_94489b3-0\">Per\u00edodo da Manh\u00e3<\/label><\/span><span class=\"elementor-field-option\"><input type=\"radio\" value=\"Per\u00edodo da Tarde\" id=\"form-field-field_94489b3-1\" name=\"form_fields[field_94489b3]\" required=\"required\" aria-required=\"true\"> <label for=\"form-field-field_94489b3-1\">Per\u00edodo da Tarde<\/label><\/span><span class=\"elementor-field-option\"><input type=\"radio\" value=\"Sem prefer\u00eancia\" id=\"form-field-field_94489b3-2\" name=\"form_fields[field_94489b3]\" required=\"required\" aria-required=\"true\"> <label for=\"form-field-field_94489b3-2\">Sem prefer\u00eancia<\/label><\/span><\/div>\t\t\t\t<\/div>\n\t\t\t\t\t\t\t\t<div class=\"elementor-field-type-checkbox elementor-field-group elementor-column elementor-field-group-field_2cbe1c9 elementor-col-100\">\n\t\t\t\t\t\t\t\t\t\t\t\t<label for=\"form-field-field_2cbe1c9\" class=\"elementor-field-label\">\n\t\t\t\t\t\t\t\tQual a s\u00e9rie de interesse?*\t\t\t\t\t\t\t<\/label>\n\t\t\t\t\t\t<div class=\"elementor-field-subgroup  \"><span class=\"elementor-field-option\"><input type=\"checkbox\" value=\"Educa\u00e7\u00e3o Infantil - Ber\u00e7\u00e1rio, Maternal I e Maternal II\" id=\"form-field-field_2cbe1c9-0\" name=\"form_fields[field_2cbe1c9][]\"> <label for=\"form-field-field_2cbe1c9-0\">Educa\u00e7\u00e3o Infantil - Ber\u00e7\u00e1rio, Maternal I e Maternal II<\/label><\/span><span class=\"elementor-field-option\"><input type=\"checkbox\" value=\"Educa\u00e7\u00e3o Infantil - Jardim I e Jardim II\" id=\"form-field-field_2cbe1c9-1\" name=\"form_fields[field_2cbe1c9][]\"> <label for=\"form-field-field_2cbe1c9-1\">Educa\u00e7\u00e3o Infantil - Jardim I e Jardim II<\/label><\/span><span class=\"elementor-field-option\"><input type=\"checkbox\" value=\"Ensino Fundamental I - 1\u00ba ao 5\u00ba ano\" id=\"form-field-field_2cbe1c9-2\" name=\"form_fields[field_2cbe1c9][]\"> <label for=\"form-field-field_2cbe1c9-2\">Ensino Fundamental I - 1\u00ba ao 5\u00ba ano<\/label><\/span><span class=\"elementor-field-option\"><input type=\"checkbox\" value=\"Ensino Fundamental II - 6\u00ba ao 9\u00ba ano\" id=\"form-field-field_2cbe1c9-3\" name=\"form_fields[field_2cbe1c9][]\"> <label for=\"form-field-field_2cbe1c9-3\">Ensino Fundamental II - 6\u00ba ao 9\u00ba ano<\/label><\/span><\/div>\t\t\t\t<\/div>\n\t\t\t\t\t\t\t\t<div class=\"elementor-field-group elementor-column elementor-field-type-submit elementor-col-100 e-form__buttons\">\n\t\t\t\t\t<button class=\"elementor-button elementor-size-sm\" type=\"submit\">\n\t\t\t\t\t\t<span class=\"elementor-button-content-wrapper\">\n\t\t\t\t\t\t\t\t\t\t\t\t\t\t\t\t\t\t\t\t\t\t<span class=\"elementor-button-text\">Solicitar Agendamento<\/span>\n\t\t\t\t\t\t\t\t\t\t\t\t\t<\/span>\n\t\t\t\t\t<\/button>\n\t\t\t\t<\/div>\n\t\t\t<\/div>\n\t\t<\/form>\n\t\t\t\t\t\t<\/div>\n\t\t\t\t<\/div>\n\t\t\t\t\t<\/div>\n\t\t<\/div>\n\t\t\t\t\t<\/div>\n\t\t<\/section>\n\t\t\t\t<\/div>\n\t\t","protected":false},"excerpt":{"rendered":"<p class=\"qua-blog-post-description\">Agende Sua Visita Preencha o Formul\u00e1rio abaixo para agendar sua visita e conhecer o\u00a0N\u00facleo Educacional Mariana Ribeiro!\u00a0 Como funciona Preencha o formul\u00e1rio a seguir com seus dados de contato para que possamos agendar sua visita e, assim, receb\u00ea-lo com excel\u00eancia! Ap\u00f3s o preenchimento enviaremos um e-mail de confirma\u00e7\u00e3o da solicita\u00e7\u00e3o da visita. Para se certificar [&hellip;]<\/p>\n","protected":false},"author":1,"featured_media":0,"parent":0,"menu_order":0,"comment_status":"closed","ping_status":"closed","template":"elementor_header_footer","meta":{"ngg_post_thumbnail":0,"footnotes":""},"class_list":["post-826","page","type-page","status-publish","hentry"],"_links":{"self":[{"href":"https:\/\/marianaribeiro.com.br\/2021\/wp-json\/wp\/v2\/pages\/826","targetHints":{"allow":["GET"]}}],"collection":[{"href":"https:\/\/marianaribeiro.com.br\/2021\/wp-json\/wp\/v2\/pages"}],"about":[{"href":"https:\/\/marianaribeiro.com.br\/2021\/wp-json\/wp\/v2\/types\/page"}],"author":[{"embeddable":true,"href":"https:\/\/marianaribeiro.com.br\/2021\/wp-json\/wp\/v2\/users\/1"}],"replies":[{"embeddable":true,"href":"https:\/\/marianaribeiro.com.br\/2021\/wp-json\/wp\/v2\/comments?post=826"}],"version-history":[{"count":29,"href":"https:\/\/marianaribeiro.com.br\/2021\/wp-json\/wp\/v2\/pages\/826\/revisions"}],"predecessor-version":[{"id":1898,"href":"https:\/\/marianaribeiro.com.br\/2021\/wp-json\/wp\/v2\/pages\/826\/revisions\/1898"}],"wp:attachment":[{"href":"https:\/\/marianaribeiro.com.br\/2021\/wp-json\/wp\/v2\/media?parent=826"}],"curies":[{"name":"wp","href":"https:\/\/api.w.org\/{rel}","templated":true}]}}