{"id":254,"date":"2020-08-25T05:05:56","date_gmt":"2020-08-25T05:05:56","guid":{"rendered":"https:\/\/marianaribeiro.com.br\/2021\/?page_id=254"},"modified":"2020-11-06T04:37:30","modified_gmt":"2020-11-06T04:37:30","slug":"segmentos","status":"publish","type":"page","link":"https:\/\/marianaribeiro.com.br\/2021\/segmentos\/","title":{"rendered":"Segmentos"},"content":{"rendered":"\t\t<div data-elementor-type=\"wp-post\" data-elementor-id=\"254\" class=\"elementor elementor-254\" data-elementor-post-type=\"page\">\n\t\t\t\t\t\t<section class=\"elementor-section elementor-top-section elementor-element elementor-element-3b35ac8 elementor-section-boxed elementor-section-height-default elementor-section-height-default\" data-id=\"3b35ac8\" data-element_type=\"section\" data-settings=\"{&quot;shape_divider_top&quot;:&quot;opacity-tilt&quot;}\">\n\t\t\t\t\t<div class=\"elementor-shape elementor-shape-top\" aria-hidden=\"true\" data-negative=\"false\">\n\t\t\t<svg xmlns=\"http:\/\/www.w3.org\/2000\/svg\" viewBox=\"0 0 2600 131.1\" preserveAspectRatio=\"none\">\n\t<path class=\"elementor-shape-fill\" d=\"M0 0L2600 0 2600 69.1 0 0z\"\/>\n\t<path class=\"elementor-shape-fill\" style=\"opacity:0.5\" d=\"M0 0L2600 0 2600 69.1 0 69.1z\"\/>\n\t<path class=\"elementor-shape-fill\" style=\"opacity:0.25\" d=\"M2600 0L0 0 0 130.1 2600 69.1z\"\/>\n<\/svg>\t\t<\/div>\n\t\t\t\t\t<div class=\"elementor-container elementor-column-gap-default\">\n\t\t\t\t\t<div class=\"elementor-column elementor-col-100 elementor-top-column elementor-element elementor-element-0035354\" data-id=\"0035354\" data-element_type=\"column\">\n\t\t\t<div class=\"elementor-widget-wrap elementor-element-populated\">\n\t\t\t\t\t\t<div class=\"elementor-element elementor-element-b851c90 elementor-headline--style-highlight elementor-widget elementor-widget-animated-headline\" data-id=\"b851c90\" data-element_type=\"widget\" data-settings=\"{&quot;marker&quot;:&quot;diagonal&quot;,&quot;highlighted_text&quot;:&quot;Mariana Ribeiro\\u200b&quot;,&quot;headline_style&quot;:&quot;highlight&quot;,&quot;loop&quot;:&quot;yes&quot;,&quot;highlight_animation_duration&quot;:1200,&quot;highlight_iteration_delay&quot;:8000}\" data-widget_type=\"animated-headline.default\">\n\t\t\t\t<div class=\"elementor-widget-container\">\n\t\t\t\t\t\t\t<span class=\"elementor-headline\">\n\t\t\t\t\t<span class=\"elementor-headline-plain-text elementor-headline-text-wrapper\">Segmentos de ensino da<\/span>\n\t\t\t\t<span class=\"elementor-headline-dynamic-wrapper elementor-headline-text-wrapper\">\n\t\t\t\t\t<span class=\"elementor-headline-dynamic-text elementor-headline-text-active\">Mariana Ribeiro\u200b<\/span>\n\t\t\t\t<\/span>\n\t\t\t\t<\/span>\n\t\t\t\t\t\t<\/div>\n\t\t\t\t<\/div>\n\t\t\t\t<div class=\"elementor-element elementor-element-2c458c0 elementor-align-center elementor-invisible elementor-widget elementor-widget-button\" data-id=\"2c458c0\" data-element_type=\"widget\" data-settings=\"{&quot;_animation&quot;:&quot;fadeInRight&quot;}\" data-widget_type=\"button.default\">\n\t\t\t\t<div class=\"elementor-widget-container\">\n\t\t\t\t\t\t\t\t\t<div class=\"elementor-button-wrapper\">\n\t\t\t\t\t<a class=\"elementor-button elementor-button-link elementor-size-sm elementor-animation-pulse\" href=\"https:\/\/marianaribeiro.com.br\/2021\/positivo-on\/\">\n\t\t\t\t\t\t<span class=\"elementor-button-content-wrapper\">\n\t\t\t\t\t\t<span class=\"elementor-button-icon\">\n\t\t\t\t<i aria-hidden=\"true\" class=\"fas fa-location-arrow\"><\/i>\t\t\t<\/span>\n\t\t\t\t\t\t\t\t\t<span class=\"elementor-button-text\">Clique aqui e conhe\u00e7a o sistema POSITIVO ON<\/span>\n\t\t\t\t\t<\/span>\n\t\t\t\t\t<\/a>\n\t\t\t\t<\/div>\n\t\t\t\t\t\t\t\t<\/div>\n\t\t\t\t<\/div>\n\t\t\t\t\t<\/div>\n\t\t<\/div>\n\t\t\t\t\t<\/div>\n\t\t<\/section>\n\t\t\t\t<section class=\"elementor-section elementor-top-section elementor-element elementor-element-f0e67cc elementor-section-boxed elementor-section-height-default elementor-section-height-default\" data-id=\"f0e67cc\" data-element_type=\"section\" data-settings=\"{&quot;background_background&quot;:&quot;classic&quot;}\">\n\t\t\t\t\t\t<div class=\"elementor-container elementor-column-gap-default\">\n\t\t\t\t\t<div class=\"elementor-column elementor-col-100 elementor-top-column elementor-element elementor-element-ab6ed1c\" data-id=\"ab6ed1c\" data-element_type=\"column\">\n\t\t\t<div class=\"elementor-widget-wrap elementor-element-populated\">\n\t\t\t\t\t\t<div class=\"elementor-element elementor-element-8ab079a elementor-widget elementor-widget-eael-adv-tabs\" data-id=\"8ab079a\" data-element_type=\"widget\" data-widget_type=\"eael-adv-tabs.default\">\n\t\t\t\t<div class=\"elementor-widget-container\">\n\t\t\t\t\t        <div data-scroll-on-click=\"no\" data-scroll-speed=\"300\" id=\"eael-advance-tabs-8ab079a\" class=\"eael-advance-tabs eael-tabs-horizontal eael-tab-auto-active \" data-tabid=\"8ab079a\">\n            <div class=\"eael-tabs-nav\">\n                <ul class=\"eael-tab-inline-icon\" role=\"tablist\">\n                                            <li id=\"educao-infantil\" class=\"inactive eael-tab-item-trigger eael-tab-nav-item\" aria-selected=\"true\" data-tab=\"1\" role=\"tab\" tabindex=\"0\" aria-controls=\"educao-infantil-tab\" aria-expanded=\"false\">\n                            \n                                                                <i class=\"fas fa-child\"><\/i>                                                            \n                                                            <span class=\"eael-tab-title title-after-icon\" >Educa\u00e7\u00e3o infantil<\/span>                            \n                                                    <\/li>\n                                            <li id=\"ensino-fundamental-1\" class=\"inactive eael-tab-item-trigger eael-tab-nav-item\" aria-selected=\"false\" data-tab=\"2\" role=\"tab\" tabindex=\"-1\" aria-controls=\"ensino-fundamental-1-tab\" aria-expanded=\"false\">\n                            \n                                                                <i class=\"fas fa-chalkboard-teacher\"><\/i>                                                            \n                                                            <span class=\"eael-tab-title title-after-icon\" >Ensino Fundamental 1<\/span>                            \n                                                    <\/li>\n                                            <li id=\"ensino-fundamental-2\" class=\"inactive eael-tab-item-trigger eael-tab-nav-item\" aria-selected=\"false\" data-tab=\"3\" role=\"tab\" tabindex=\"-1\" aria-controls=\"ensino-fundamental-2-tab\" aria-expanded=\"false\">\n                            \n                                                                <i class=\"fas fa-layer-group\"><\/i>                                                            \n                                                            <span class=\"eael-tab-title title-after-icon\" >Ensino Fundamental 2<\/span>                            \n                                                    <\/li>\n                                    <\/ul>\n            <\/div>\n            \n            <div class=\"eael-tabs-content\">\n\t\t        \n                    <div id=\"educao-infantil-tab\" class=\"clearfix eael-tab-content-item inactive\" data-title-link=\"educao-infantil-tab\">\n\t\t\t\t        <h1 style=\"text-align: left;\">Educa\u00e7\u00e3o Infantil<\/h1><p><img fetchpriority=\"high\" decoding=\"async\" class=\"wp-image-859 size-full alignleft\" src=\"https:\/\/marianaribeiro.com.br\/2021\/wp-content\/uploads\/2020\/11\/Educacao-Infantil.jpg\" alt=\"\" width=\"500\" height=\"500\" srcset=\"https:\/\/marianaribeiro.com.br\/2021\/wp-content\/uploads\/2020\/11\/Educacao-Infantil.jpg 500w, https:\/\/marianaribeiro.com.br\/2021\/wp-content\/uploads\/2020\/11\/Educacao-Infantil-300x300.jpg 300w, https:\/\/marianaribeiro.com.br\/2021\/wp-content\/uploads\/2020\/11\/Educacao-Infantil-150x150.jpg 150w\" sizes=\"(max-width: 500px) 100vw, 500px\" \/><\/p><h2 style=\"text-align: left;\">Aprendizagem l\u00fadica<\/h2><p>Para que a crian\u00e7a aprenda brincando, preparamos uma cole\u00e7\u00e3o did\u00e1tica para a Educa\u00e7\u00e3o Infantil que promove o aprendizado e desenvolvimento por meio de experi\u00eancias divertidas, interativas e significativas. Jogos, brincadeiras, teatros e m\u00fasicas incentivam habilidades como criatividade, capacidade f\u00edsica e resolu\u00e7\u00e3o de problemas.<\/p><p style=\"text-align: left;\"><strong>Aprender brincando <\/strong>\u00e9 mais significativo<br \/>Fazendo castelos de areia, as crian\u00e7as despertam a curiosidade para a constru\u00e7\u00e3o de pr\u00e9dios e pontes. Brincando de esconde-esconde, elas desenvolvem sua capacidade estrat\u00e9gica, por exemplo. Por isso, na Educa\u00e7\u00e3o Infantil, fase t\u00e3o importante da forma\u00e7\u00e3o do aluno, brincar \u00e9 a principal tarefa dos pequenos, pois \u00e9 na brincadeira que eles descobrem o mundo \u00e0 sua volta, comunicam-se e se inserem em um contexto social. Desse modo, \u00e9 com a brincadeira que as crian\u00e7as adquirem as habilidades necess\u00e1rias para seu desenvolvimento.<\/p>                    <\/div>\n\t\t        \n                    <div id=\"ensino-fundamental-1-tab\" class=\"clearfix eael-tab-content-item inactive\" data-title-link=\"ensino-fundamental-1-tab\">\n\t\t\t\t        <h2><strong> Ensino Fundamental I &#8211; Anos Iniciais (1\u00ba ao 5\u00ba ano)<br \/><br \/><img decoding=\"async\" class=\"wp-image-860 size-full alignleft\" src=\"https:\/\/marianaribeiro.com.br\/2021\/wp-content\/uploads\/2020\/11\/Ensino-Fundamental-I-Anos-Iniciais-1o-ao-5o-ano.jpg\" alt=\"\" width=\"500\" height=\"500\" srcset=\"https:\/\/marianaribeiro.com.br\/2021\/wp-content\/uploads\/2020\/11\/Ensino-Fundamental-I-Anos-Iniciais-1o-ao-5o-ano.jpg 500w, https:\/\/marianaribeiro.com.br\/2021\/wp-content\/uploads\/2020\/11\/Ensino-Fundamental-I-Anos-Iniciais-1o-ao-5o-ano-300x300.jpg 300w, https:\/\/marianaribeiro.com.br\/2021\/wp-content\/uploads\/2020\/11\/Ensino-Fundamental-I-Anos-Iniciais-1o-ao-5o-ano-150x150.jpg 150w\" sizes=\"(max-width: 500px) 100vw, 500px\" \/><br \/>Ler e escrever no tempo certo<\/strong><\/h2><p>Nos Anos Iniciais do Ensino Fundamental, as crian\u00e7as aprendem usando a criatividade e a imagina\u00e7\u00e3o. Com isso, respeitar o tempo e as caracter\u00edsticas de cada aluno \u00e9 essencial. Com o Sistema de Ensino Positivo, aprender a ler e a escrever acontece aos poucos, de forma divertida, desafiadora e eficiente. Portanto, ser\u00e1 a base do conhecimento nos anos seguintes e o diferencial em todos os aspectos da vida adulta.<\/p><p><br \/><strong>\u00a0Alfabetiza\u00e7\u00e3o com experimenta\u00e7\u00e3o<\/strong><br \/>Aprender \u00e9 melhor do que decorar. Por isso, nossos alunos aprendem a ler e a escrever por meio da experimenta\u00e7\u00e3o. O professor \u00e9 um importante guia, que relaciona conhecimentos do cotidiano da crian\u00e7a para uma alfabetiza\u00e7\u00e3o e aprendizagem divertida e s\u00f3lida.<\/p>                    <\/div>\n\t\t        \n                    <div id=\"ensino-fundamental-2-tab\" class=\"clearfix eael-tab-content-item inactive\" data-title-link=\"ensino-fundamental-2-tab\">\n\t\t\t\t        <h2>Ensino Fundamental II &#8211; Anos Finais (1\u00ba ao 9\u00ba ano)<\/h2><p><img decoding=\"async\" class=\"alignleft wp-image-862 size-full\" src=\"https:\/\/marianaribeiro.com.br\/2021\/wp-content\/uploads\/2020\/11\/Ensino-Fundamental-II-Anos-Finais-1o-ao-9o-ano.jpg\" alt=\"\" width=\"500\" height=\"500\" srcset=\"https:\/\/marianaribeiro.com.br\/2021\/wp-content\/uploads\/2020\/11\/Ensino-Fundamental-II-Anos-Finais-1o-ao-9o-ano.jpg 500w, https:\/\/marianaribeiro.com.br\/2021\/wp-content\/uploads\/2020\/11\/Ensino-Fundamental-II-Anos-Finais-1o-ao-9o-ano-300x300.jpg 300w, https:\/\/marianaribeiro.com.br\/2021\/wp-content\/uploads\/2020\/11\/Ensino-Fundamental-II-Anos-Finais-1o-ao-9o-ano-150x150.jpg 150w\" sizes=\"(max-width: 500px) 100vw, 500px\" \/><\/p><h2><strong>Descobrindo a independ\u00eancia<br \/><\/strong><\/h2><p>Os Anos Finais do Ensino Fundamental s\u00e3o a fase em que os alunos passam por grandes mudan\u00e7as f\u00edsicas, emocionais e psicol\u00f3gicas. Assim, para que o aprendizado seja significativo e prazeroso, utilizamos pr\u00e1ticas pedag\u00f3gicas inovadoras, pensadas para estimular a reflex\u00e3o. Afinal, quando as informa\u00e7\u00f5es fazem sentido para o aluno, elas se transformam em conhecimento, gerando autonomia e motiva\u00e7\u00e3o para os pr\u00f3ximos passos.<\/p><p><strong>Avalia\u00e7\u00f5es e simulados<\/strong><br \/>A partir do 6\u00ba ano, nossas escolas conveniadas contam com o suporte das Avalia\u00e7\u00f5es Positivo e podem aplicar provas peri\u00f3dicas para saber como est\u00e1 o desenvolvimento dos estudantes e das turmas. <br \/><br \/><strong>A partir do 9\u00ba, h\u00e1 tamb\u00e9m os simulados de prepara\u00e7\u00e3o para Enem e vestibulares.<\/strong><br \/><br \/><\/p>                    <\/div>\n\t\t                    <\/div>\n        <\/div>\n\t\t\t\t<\/div>\n\t\t\t\t<\/div>\n\t\t\t\t\t<\/div>\n\t\t<\/div>\n\t\t\t\t\t<\/div>\n\t\t<\/section>\n\t\t\t\t<\/div>\n\t\t","protected":false},"excerpt":{"rendered":"<p class=\"qua-blog-post-description\">Segmentos de ensino da Clique aqui e conhe\u00e7a o sistema POSITIVO ON Educa\u00e7\u00e3o infantil Ensino Fundamental 1 Ensino Fundamental 2 Educa\u00e7\u00e3o Infantil Aprendizagem l\u00fadica Para que a crian\u00e7a aprenda brincando, preparamos uma cole\u00e7\u00e3o did\u00e1tica para a Educa\u00e7\u00e3o Infantil que promove o aprendizado e desenvolvimento por meio de experi\u00eancias divertidas, interativas e significativas. Jogos, brincadeiras, teatros [&hellip;]<\/p>\n","protected":false},"author":1,"featured_media":0,"parent":0,"menu_order":0,"comment_status":"closed","ping_status":"closed","template":"elementor_header_footer","meta":{"ngg_post_thumbnail":0,"footnotes":""},"class_list":["post-254","page","type-page","status-publish","hentry"],"_links":{"self":[{"href":"https:\/\/marianaribeiro.com.br\/2021\/wp-json\/wp\/v2\/pages\/254","targetHints":{"allow":["GET"]}}],"collection":[{"href":"https:\/\/marianaribeiro.com.br\/2021\/wp-json\/wp\/v2\/pages"}],"about":[{"href":"https:\/\/marianaribeiro.com.br\/2021\/wp-json\/wp\/v2\/types\/page"}],"author":[{"embeddable":true,"href":"https:\/\/marianaribeiro.com.br\/2021\/wp-json\/wp\/v2\/users\/1"}],"replies":[{"embeddable":true,"href":"https:\/\/marianaribeiro.com.br\/2021\/wp-json\/wp\/v2\/comments?post=254"}],"version-history":[{"count":23,"href":"https:\/\/marianaribeiro.com.br\/2021\/wp-json\/wp\/v2\/pages\/254\/revisions"}],"predecessor-version":[{"id":890,"href":"https:\/\/marianaribeiro.com.br\/2021\/wp-json\/wp\/v2\/pages\/254\/revisions\/890"}],"wp:attachment":[{"href":"https:\/\/marianaribeiro.com.br\/2021\/wp-json\/wp\/v2\/media?parent=254"}],"curies":[{"name":"wp","href":"https:\/\/api.w.org\/{rel}","templated":true}]}}