{"id":1208,"date":"2021-07-13T19:19:47","date_gmt":"2021-07-13T19:19:47","guid":{"rendered":"https:\/\/marianaribeiro.com.br\/2021\/?page_id=1208"},"modified":"2021-09-22T17:57:33","modified_gmt":"2021-09-22T17:57:33","slug":"sistema-bilingue","status":"publish","type":"page","link":"https:\/\/marianaribeiro.com.br\/2021\/sistema-bilingue\/","title":{"rendered":"Sistema Bil\u00edngue"},"content":{"rendered":"\t\t<div data-elementor-type=\"wp-post\" data-elementor-id=\"1208\" class=\"elementor elementor-1208\" data-elementor-post-type=\"page\">\n\t\t\t\t\t\t<section class=\"elementor-section elementor-top-section elementor-element elementor-element-eb270ed elementor-section-boxed elementor-section-height-default elementor-section-height-default\" data-id=\"eb270ed\" data-element_type=\"section\" data-settings=\"{&quot;shape_divider_top&quot;:&quot;opacity-tilt&quot;}\">\n\t\t\t\t\t<div class=\"elementor-shape elementor-shape-top\" aria-hidden=\"true\" data-negative=\"false\">\n\t\t\t<svg xmlns=\"http:\/\/www.w3.org\/2000\/svg\" viewBox=\"0 0 2600 131.1\" preserveAspectRatio=\"none\">\n\t<path class=\"elementor-shape-fill\" d=\"M0 0L2600 0 2600 69.1 0 0z\"\/>\n\t<path class=\"elementor-shape-fill\" style=\"opacity:0.5\" d=\"M0 0L2600 0 2600 69.1 0 69.1z\"\/>\n\t<path class=\"elementor-shape-fill\" style=\"opacity:0.25\" d=\"M2600 0L0 0 0 130.1 2600 69.1z\"\/>\n<\/svg>\t\t<\/div>\n\t\t\t\t\t<div class=\"elementor-container elementor-column-gap-default\">\n\t\t\t\t\t<div class=\"elementor-column elementor-col-100 elementor-top-column elementor-element elementor-element-6767547\" data-id=\"6767547\" data-element_type=\"column\">\n\t\t\t<div class=\"elementor-widget-wrap elementor-element-populated\">\n\t\t\t\t\t\t<div class=\"elementor-element elementor-element-d57e94b elementor-headline--style-highlight elementor-widget elementor-widget-animated-headline\" data-id=\"d57e94b\" data-element_type=\"widget\" data-settings=\"{&quot;marker&quot;:&quot;diagonal&quot;,&quot;highlighted_text&quot;:&quot;Bil\\u00edngue&quot;,&quot;headline_style&quot;:&quot;highlight&quot;,&quot;loop&quot;:&quot;yes&quot;,&quot;highlight_animation_duration&quot;:1200,&quot;highlight_iteration_delay&quot;:8000}\" data-widget_type=\"animated-headline.default\">\n\t\t\t\t<div class=\"elementor-widget-container\">\n\t\t\t\t\t\t\t<h3 class=\"elementor-headline\">\n\t\t\t\t\t<span class=\"elementor-headline-plain-text elementor-headline-text-wrapper\">Ensino<\/span>\n\t\t\t\t<span class=\"elementor-headline-dynamic-wrapper elementor-headline-text-wrapper\">\n\t\t\t\t\t<span class=\"elementor-headline-dynamic-text elementor-headline-text-active\">Bil\u00edngue<\/span>\n\t\t\t\t<\/span>\n\t\t\t\t<\/h3>\n\t\t\t\t\t\t<\/div>\n\t\t\t\t<\/div>\n\t\t\t\t\t<\/div>\n\t\t<\/div>\n\t\t\t\t\t<\/div>\n\t\t<\/section>\n\t\t\t\t<section class=\"elementor-section elementor-top-section elementor-element elementor-element-d71c3cf elementor-section-boxed elementor-section-height-default elementor-section-height-default\" data-id=\"d71c3cf\" data-element_type=\"section\">\n\t\t\t\t\t\t<div class=\"elementor-container elementor-column-gap-default\">\n\t\t\t\t\t<div class=\"elementor-column elementor-col-100 elementor-top-column elementor-element elementor-element-0e82d40\" data-id=\"0e82d40\" data-element_type=\"column\">\n\t\t\t<div class=\"elementor-widget-wrap elementor-element-populated\">\n\t\t\t\t\t\t<section class=\"elementor-section elementor-inner-section elementor-element elementor-element-780e094 elementor-section-boxed elementor-section-height-default elementor-section-height-default\" data-id=\"780e094\" data-element_type=\"section\">\n\t\t\t\t\t\t<div class=\"elementor-container elementor-column-gap-default\">\n\t\t\t\t\t<div class=\"elementor-column elementor-col-50 elementor-inner-column elementor-element elementor-element-246536a\" data-id=\"246536a\" data-element_type=\"column\">\n\t\t\t<div class=\"elementor-widget-wrap elementor-element-populated\">\n\t\t\t\t\t\t<div class=\"elementor-element elementor-element-0ce2d71 elementor-widget elementor-widget-heading\" data-id=\"0ce2d71\" data-element_type=\"widget\" data-widget_type=\"heading.default\">\n\t\t\t\t<div class=\"elementor-widget-container\">\n\t\t\t\t\t<h2 class=\"elementor-heading-title elementor-size-default\">O que \u00e9 o Ensino Bil\u00edngue Wizard International Program?<\/h2>\t\t\t\t<\/div>\n\t\t\t\t<\/div>\n\t\t\t\t<div class=\"elementor-element elementor-element-73d8494 elementor-widget elementor-widget-text-editor\" data-id=\"73d8494\" data-element_type=\"widget\" data-widget_type=\"text-editor.default\">\n\t\t\t\t<div class=\"elementor-widget-container\">\n\t\t\t\t\t\t\t\t\t<div dir=\"auto\">O nosso Ensino Bil\u00edngue \u00e9 fruto de uma parceria exclusiva com a Wizard Jacare\u00ed na qual aliamos mais de 50 anos de experi\u00eancia, criando um programa onde os nossos alunos do Mariana Ribeiro tenham uma verdadeira imers\u00e3o de 5 aulas semanais com o novo idioma.<\/div><div dir=\"auto\">\u00a0<\/div><div dir=\"auto\">Dentro da nossa estrutura pedag\u00f3gica proporcionamos oportunidades \u00fanicas de o aluno literalmente viver a l\u00edngua, por meio de aulas interativas, cria\u00e7\u00f5es de projetos com o uso da L\u00edngua Inglesa e o aprendizado de aspectos da cultura anglo-sax\u00f4nica, ou seja, tudo aquilo que envolve os EUA, Inglaterra, Austr\u00e1lia, Canad\u00e1 etc.\u00a0<\/div><div dir=\"auto\">\u00a0<\/div><div dir=\"auto\">O nosso Ensino Bil\u00edngue traz viv\u00eancias e fatos da vida real para que o aprendizado seja l\u00fadico e estimulante. \u00c9 verdadeiramente aprender brincando. Para isso, o aluno contar\u00e1 com um Material Did\u00e1tico EXCLUSIVO WIZKIDS, que tem como principal ferramenta a Metodologia Wizard, a mais reconhecida no segmento de ensino de idiomas e respons\u00e1vel por formar todos os anos mais de 500 mil alunos.\u00a0<\/div><div dir=\"auto\">\u00a0<\/div><div dir=\"auto\">Venha voc\u00ea tamb\u00e9m trazer seu filho para fazer parte dessa grande parceria e v\u00ea-lo se tornando bil\u00edngue!<\/div><div dir=\"auto\">\u00a0<\/div><div dir=\"auto\"><strong><span style=\"color: #ff9900;\"><em>Wizard, always learning.<\/em><\/span><\/strong><\/div>\t\t\t\t\t\t\t\t<\/div>\n\t\t\t\t<\/div>\n\t\t\t\t\t<\/div>\n\t\t<\/div>\n\t\t\t\t<div class=\"elementor-column elementor-col-50 elementor-inner-column elementor-element elementor-element-4cab2ef\" data-id=\"4cab2ef\" data-element_type=\"column\">\n\t\t\t<div class=\"elementor-widget-wrap elementor-element-populated\">\n\t\t\t\t\t\t<div class=\"elementor-element elementor-element-877d534 elementor-widget elementor-widget-image\" data-id=\"877d534\" data-element_type=\"widget\" data-widget_type=\"image.default\">\n\t\t\t\t<div class=\"elementor-widget-container\">\n\t\t\t\t\t\t\t\t\t\t\t\t\t\t\t<img fetchpriority=\"high\" decoding=\"async\" width=\"790\" height=\"1024\" src=\"https:\/\/marianaribeiro.com.br\/2021\/wp-content\/uploads\/2021\/08\/WhatsApp-Image-2021-08-06-at-11.10.30-790x1024.jpeg\" class=\"attachment-large size-large wp-image-1509\" alt=\"\" srcset=\"https:\/\/marianaribeiro.com.br\/2021\/wp-content\/uploads\/2021\/08\/WhatsApp-Image-2021-08-06-at-11.10.30-790x1024.jpeg 790w, https:\/\/marianaribeiro.com.br\/2021\/wp-content\/uploads\/2021\/08\/WhatsApp-Image-2021-08-06-at-11.10.30-232x300.jpeg 232w, https:\/\/marianaribeiro.com.br\/2021\/wp-content\/uploads\/2021\/08\/WhatsApp-Image-2021-08-06-at-11.10.30-768x995.jpeg 768w, https:\/\/marianaribeiro.com.br\/2021\/wp-content\/uploads\/2021\/08\/WhatsApp-Image-2021-08-06-at-11.10.30.jpeg 988w\" sizes=\"(max-width: 790px) 100vw, 790px\" \/>\t\t\t\t\t\t\t\t\t\t\t\t\t\t\t<\/div>\n\t\t\t\t<\/div>\n\t\t\t\t\t<\/div>\n\t\t<\/div>\n\t\t\t\t\t<\/div>\n\t\t<\/section>\n\t\t\t\t<section class=\"elementor-section elementor-inner-section elementor-element elementor-element-83c8e62 elementor-section-boxed elementor-section-height-default elementor-section-height-default\" data-id=\"83c8e62\" data-element_type=\"section\" data-settings=\"{&quot;shape_divider_top&quot;:&quot;opacity-fan&quot;}\">\n\t\t\t\t\t<div class=\"elementor-shape elementor-shape-top\" aria-hidden=\"true\" data-negative=\"false\">\n\t\t\t<svg xmlns=\"http:\/\/www.w3.org\/2000\/svg\" viewBox=\"0 0 283.5 19.6\" preserveAspectRatio=\"none\">\n\t<path class=\"elementor-shape-fill\" style=\"opacity:0.33\" d=\"M0 0L0 18.8 141.8 4.1 283.5 18.8 283.5 0z\"\/>\n\t<path class=\"elementor-shape-fill\" style=\"opacity:0.33\" d=\"M0 0L0 12.6 141.8 4 283.5 12.6 283.5 0z\"\/>\n\t<path class=\"elementor-shape-fill\" style=\"opacity:0.33\" d=\"M0 0L0 6.4 141.8 4 283.5 6.4 283.5 0z\"\/>\n\t<path class=\"elementor-shape-fill\" d=\"M0 0L0 1.2 141.8 4 283.5 1.2 283.5 0z\"\/>\n<\/svg>\t\t<\/div>\n\t\t\t\t\t<div class=\"elementor-container elementor-column-gap-extended\">\n\t\t\t\t\t<div class=\"elementor-column elementor-col-50 elementor-inner-column elementor-element elementor-element-d575403\" data-id=\"d575403\" data-element_type=\"column\">\n\t\t\t<div class=\"elementor-widget-wrap elementor-element-populated\">\n\t\t\t\t\t\t<div class=\"elementor-element elementor-element-e827af2 elementor-widget elementor-widget-heading\" data-id=\"e827af2\" data-element_type=\"widget\" data-widget_type=\"heading.default\">\n\t\t\t\t<div class=\"elementor-widget-container\">\n\t\t\t\t\t<h2 class=\"elementor-heading-title elementor-size-large\">Diferenciais do nosso Ensino Bil\u00edngue<\/h2>\t\t\t\t<\/div>\n\t\t\t\t<\/div>\n\t\t\t\t<div class=\"elementor-element elementor-element-1c79011 elementor-widget elementor-widget-text-editor\" data-id=\"1c79011\" data-element_type=\"widget\" data-widget_type=\"text-editor.default\">\n\t\t\t\t<div class=\"elementor-widget-container\">\n\t\t\t\t\t\t\t\t\t<div dir=\"auto\">\u2022 Metodologia WIZARD \/ WIZKIDS;<\/div><div dir=\"auto\">\u2022 Salas adaptadas para o ingl\u00eas;<\/div><div dir=\"auto\">\u2022 Acompanhamento individual e personalizado;<\/div><div dir=\"auto\">\u2022 Coordena\u00e7\u00e3o pedag\u00f3gica fluente;<\/div><div dir=\"auto\">\u2022 Professores capacitados e treinados pela Pearson.<\/div>\t\t\t\t\t\t\t\t<\/div>\n\t\t\t\t<\/div>\n\t\t\t\t\t<\/div>\n\t\t<\/div>\n\t\t\t\t<div class=\"elementor-column elementor-col-50 elementor-inner-column elementor-element elementor-element-4684d42\" data-id=\"4684d42\" data-element_type=\"column\">\n\t\t\t<div class=\"elementor-widget-wrap elementor-element-populated\">\n\t\t\t\t\t\t<div class=\"elementor-element elementor-element-2db9e14 elementor-widget elementor-widget-heading\" data-id=\"2db9e14\" data-element_type=\"widget\" data-widget_type=\"heading.default\">\n\t\t\t\t<div class=\"elementor-widget-container\">\n\t\t\t\t\t<h2 class=\"elementor-heading-title elementor-size-default\">Benef\u00edcios do nosso Ensino Bil\u00edngue<\/h2>\t\t\t\t<\/div>\n\t\t\t\t<\/div>\n\t\t\t\t<div class=\"elementor-element elementor-element-60350c7 elementor-widget elementor-widget-text-editor\" data-id=\"60350c7\" data-element_type=\"widget\" data-widget_type=\"text-editor.default\">\n\t\t\t\t<div class=\"elementor-widget-container\">\n\t\t\t\t\t\t\t\t\t<div dir=\"auto\">Al\u00e9m de se aprender naturalmente uma l\u00edngua estrangeira, a educa\u00e7\u00e3o bil\u00edngue proporciona v\u00e1rios benef\u00edcios, sendo os principais:<\/div><div dir=\"auto\">\u00a0<\/div><div dir=\"auto\">\u2022 Facilidade na comunica\u00e7\u00e3o;<\/div><div dir=\"auto\">\u2022 Contato com outras culturas;<\/div><div dir=\"auto\">\u2022 Melhor adapta\u00e7\u00e3o em ambientes diferentes;<\/div><div dir=\"auto\">\u2022 Habilidades cognitivas: escrita, fala e leitura;<\/div><div dir=\"auto\">\u2022 Amadurecimento e preparo para o futuro;<\/div><div dir=\"auto\">\u2022 Prote\u00e7\u00e3o cerebral contra doen\u00e7as degenerativas;<\/div><div dir=\"auto\">\u2022 Melhores oportunidades de trabalho no futuro;<\/div><div dir=\"auto\">\u2022 Maior criatividade.<\/div>\t\t\t\t\t\t\t\t<\/div>\n\t\t\t\t<\/div>\n\t\t\t\t\t<\/div>\n\t\t<\/div>\n\t\t\t\t\t<\/div>\n\t\t<\/section>\n\t\t\t\t\t<\/div>\n\t\t<\/div>\n\t\t\t\t\t<\/div>\n\t\t<\/section>\n\t\t\t\t<\/div>\n\t\t","protected":false},"excerpt":{"rendered":"<p class=\"qua-blog-post-description\">Ensino Bil\u00edngue O que \u00e9 o Ensino Bil\u00edngue Wizard International Program? O nosso Ensino Bil\u00edngue \u00e9 fruto de uma parceria exclusiva com a Wizard Jacare\u00ed na qual aliamos mais de 50 anos de experi\u00eancia, criando um programa onde os nossos alunos do Mariana Ribeiro tenham uma verdadeira imers\u00e3o de 5 aulas semanais com o novo [&hellip;]<\/p>\n","protected":false},"author":1,"featured_media":0,"parent":0,"menu_order":0,"comment_status":"closed","ping_status":"closed","template":"elementor_header_footer","meta":{"ngg_post_thumbnail":0,"footnotes":""},"class_list":["post-1208","page","type-page","status-publish","hentry"],"_links":{"self":[{"href":"https:\/\/marianaribeiro.com.br\/2021\/wp-json\/wp\/v2\/pages\/1208","targetHints":{"allow":["GET"]}}],"collection":[{"href":"https:\/\/marianaribeiro.com.br\/2021\/wp-json\/wp\/v2\/pages"}],"about":[{"href":"https:\/\/marianaribeiro.com.br\/2021\/wp-json\/wp\/v2\/types\/page"}],"author":[{"embeddable":true,"href":"https:\/\/marianaribeiro.com.br\/2021\/wp-json\/wp\/v2\/users\/1"}],"replies":[{"embeddable":true,"href":"https:\/\/marianaribeiro.com.br\/2021\/wp-json\/wp\/v2\/comments?post=1208"}],"version-history":[{"count":25,"href":"https:\/\/marianaribeiro.com.br\/2021\/wp-json\/wp\/v2\/pages\/1208\/revisions"}],"predecessor-version":[{"id":1879,"href":"https:\/\/marianaribeiro.com.br\/2021\/wp-json\/wp\/v2\/pages\/1208\/revisions\/1879"}],"wp:attachment":[{"href":"https:\/\/marianaribeiro.com.br\/2021\/wp-json\/wp\/v2\/media?parent=1208"}],"curies":[{"name":"wp","href":"https:\/\/api.w.org\/{rel}","templated":true}]}}