{"id":1180,"date":"2021-07-13T18:53:25","date_gmt":"2021-07-13T18:53:25","guid":{"rendered":"https:\/\/marianaribeiro.com.br\/2021\/?page_id=1180"},"modified":"2021-09-30T22:31:54","modified_gmt":"2021-09-30T22:31:54","slug":"ensino-fundamental2","status":"publish","type":"page","link":"https:\/\/marianaribeiro.com.br\/2021\/ensino-fundamental2\/","title":{"rendered":"Ensino fundamental 2"},"content":{"rendered":"\t\t<div data-elementor-type=\"wp-post\" data-elementor-id=\"1180\" class=\"elementor elementor-1180\" data-elementor-post-type=\"page\">\n\t\t\t\t\t\t<section class=\"elementor-section elementor-top-section elementor-element elementor-element-eb270ed elementor-section-boxed elementor-section-height-default elementor-section-height-default\" data-id=\"eb270ed\" data-element_type=\"section\" data-settings=\"{&quot;shape_divider_top&quot;:&quot;opacity-tilt&quot;}\">\n\t\t\t\t\t<div class=\"elementor-shape elementor-shape-top\" aria-hidden=\"true\" data-negative=\"false\">\n\t\t\t<svg xmlns=\"http:\/\/www.w3.org\/2000\/svg\" viewBox=\"0 0 2600 131.1\" preserveAspectRatio=\"none\">\n\t<path class=\"elementor-shape-fill\" d=\"M0 0L2600 0 2600 69.1 0 0z\"\/>\n\t<path class=\"elementor-shape-fill\" style=\"opacity:0.5\" d=\"M0 0L2600 0 2600 69.1 0 69.1z\"\/>\n\t<path class=\"elementor-shape-fill\" style=\"opacity:0.25\" d=\"M2600 0L0 0 0 130.1 2600 69.1z\"\/>\n<\/svg>\t\t<\/div>\n\t\t\t\t\t<div class=\"elementor-container elementor-column-gap-default\">\n\t\t\t\t\t<div class=\"elementor-column elementor-col-100 elementor-top-column elementor-element elementor-element-6767547\" data-id=\"6767547\" data-element_type=\"column\">\n\t\t\t<div class=\"elementor-widget-wrap elementor-element-populated\">\n\t\t\t\t\t\t<div class=\"elementor-element elementor-element-d57e94b elementor-headline--style-highlight elementor-widget elementor-widget-animated-headline\" data-id=\"d57e94b\" data-element_type=\"widget\" data-settings=\"{&quot;marker&quot;:&quot;diagonal&quot;,&quot;highlighted_text&quot;:&quot;Ensino Fundamental - Anos Finais&quot;,&quot;headline_style&quot;:&quot;highlight&quot;,&quot;loop&quot;:&quot;yes&quot;,&quot;highlight_animation_duration&quot;:1200,&quot;highlight_iteration_delay&quot;:8000}\" data-widget_type=\"animated-headline.default\">\n\t\t\t\t<div class=\"elementor-widget-container\">\n\t\t\t\t\t\t\t<h3 class=\"elementor-headline\">\n\t\t\t\t<span class=\"elementor-headline-dynamic-wrapper elementor-headline-text-wrapper\">\n\t\t\t\t\t<span class=\"elementor-headline-dynamic-text elementor-headline-text-active\">Ensino Fundamental - Anos Finais<\/span>\n\t\t\t\t<\/span>\n\t\t\t\t<\/h3>\n\t\t\t\t\t\t<\/div>\n\t\t\t\t<\/div>\n\t\t\t\t\t<\/div>\n\t\t<\/div>\n\t\t\t\t\t<\/div>\n\t\t<\/section>\n\t\t\t\t<section class=\"elementor-section elementor-top-section elementor-element elementor-element-d71c3cf elementor-section-boxed elementor-section-height-default elementor-section-height-default\" data-id=\"d71c3cf\" data-element_type=\"section\">\n\t\t\t\t\t\t<div class=\"elementor-container elementor-column-gap-default\">\n\t\t\t\t\t<div class=\"elementor-column elementor-col-100 elementor-top-column elementor-element elementor-element-0e82d40\" data-id=\"0e82d40\" data-element_type=\"column\">\n\t\t\t<div class=\"elementor-widget-wrap elementor-element-populated\">\n\t\t\t\t\t\t<section class=\"elementor-section elementor-inner-section elementor-element elementor-element-780e094 elementor-section-boxed elementor-section-height-default elementor-section-height-default\" data-id=\"780e094\" data-element_type=\"section\">\n\t\t\t\t\t\t<div class=\"elementor-container elementor-column-gap-default\">\n\t\t\t\t\t<div class=\"elementor-column elementor-col-50 elementor-inner-column elementor-element elementor-element-246536a\" data-id=\"246536a\" data-element_type=\"column\">\n\t\t\t<div class=\"elementor-widget-wrap elementor-element-populated\">\n\t\t\t\t\t\t<div class=\"elementor-element elementor-element-73d8494 elementor-widget elementor-widget-text-editor\" data-id=\"73d8494\" data-element_type=\"widget\" data-widget_type=\"text-editor.default\">\n\t\t\t\t<div class=\"elementor-widget-container\">\n\t\t\t\t\t\t\t\t\t<p>Nos <span style=\"color: #ff9900;\"><strong>Anos Finais do Ensino Fundamental (6\u00ba ao 9\u00ba ano)<\/strong><\/span>, O N.E. Mariana Ribeiro tem como meta de educa\u00e7\u00e3o a forma\u00e7\u00e3o integral do educando, por meio do desenvolvimento de suas potencialidades (motoras, afetivas, sociais, espirituais e cognitivas), pois nesta fase os alunos passam por grandes mudan\u00e7as f\u00edsicas, emocionais e psicol\u00f3gicas.<\/p><p>Esse momento constitui uma base fundamental para o desenvolvimento do educando no Ensino M\u00e9dio e para que o aprendizado seja significativo e prazeroso, utilizamos pr\u00e1ticas pedag\u00f3gicas inovadoras, pensadas para estimular a reflex\u00e3o. Afinal, quando as informa\u00e7\u00f5es fazem sentido, elas se transformam em conhecimento, <span style=\"color: #ff9900;\"><strong>gerando autonomia e motiva\u00e7\u00e3o<\/strong><\/span> oportunizando ao aluno ferramentas para a constru\u00e7\u00e3o de seu <span style=\"color: #ff9900;\"><strong>Projeto<\/strong><\/span><br \/><span style=\"color: #ff9900;\"><strong>de Vida<\/strong><\/span>.<\/p><p>Os professores trabalham o desenvolvimento de cada estudante como um ser \u00fanico. A proposta pedag\u00f3gica trabalha para consolidar o <span style=\"color: #ff9900;\"><strong>h\u00e1bito de estudo<\/strong><\/span>, aprimorar as capacidades de <span style=\"color: #ff9900;\"><strong>comunica\u00e7\u00e3o<\/strong><\/span> e de <span style=\"color: #ff9900;\"><strong>intera\u00e7\u00e3o<\/strong><\/span>, ampliar o conhecimento e aprofundar os\u00a0<span style=\"color: #ff9900;\"><strong>conte\u00fados<\/strong><\/span>\u00a0j\u00e1 acumulados.<\/p>\t\t\t\t\t\t\t\t<\/div>\n\t\t\t\t<\/div>\n\t\t\t\t\t<\/div>\n\t\t<\/div>\n\t\t\t\t<div class=\"elementor-column elementor-col-50 elementor-inner-column elementor-element elementor-element-4cab2ef\" data-id=\"4cab2ef\" data-element_type=\"column\">\n\t\t\t<div class=\"elementor-widget-wrap elementor-element-populated\">\n\t\t\t\t\t\t<div class=\"elementor-element elementor-element-d530315 elementor-widget elementor-widget-image\" data-id=\"d530315\" data-element_type=\"widget\" data-widget_type=\"image.default\">\n\t\t\t\t<div class=\"elementor-widget-container\">\n\t\t\t\t\t\t\t\t\t\t\t\t\t\t\t<img fetchpriority=\"high\" decoding=\"async\" width=\"724\" height=\"1024\" src=\"https:\/\/marianaribeiro.com.br\/2021\/wp-content\/uploads\/2021\/07\/ensino-site-3-724x1024.png\" class=\"attachment-large size-large wp-image-1414\" alt=\"\" srcset=\"https:\/\/marianaribeiro.com.br\/2021\/wp-content\/uploads\/2021\/07\/ensino-site-3-724x1024.png 724w, https:\/\/marianaribeiro.com.br\/2021\/wp-content\/uploads\/2021\/07\/ensino-site-3-212x300.png 212w, https:\/\/marianaribeiro.com.br\/2021\/wp-content\/uploads\/2021\/07\/ensino-site-3-768x1086.png 768w, https:\/\/marianaribeiro.com.br\/2021\/wp-content\/uploads\/2021\/07\/ensino-site-3-1086x1536.png 1086w, https:\/\/marianaribeiro.com.br\/2021\/wp-content\/uploads\/2021\/07\/ensino-site-3.png 1414w\" sizes=\"(max-width: 724px) 100vw, 724px\" \/>\t\t\t\t\t\t\t\t\t\t\t\t\t\t\t<\/div>\n\t\t\t\t<\/div>\n\t\t\t\t\t<\/div>\n\t\t<\/div>\n\t\t\t\t\t<\/div>\n\t\t<\/section>\n\t\t\t\t<section class=\"elementor-section elementor-inner-section elementor-element elementor-element-97f3df7 elementor-section-boxed elementor-section-height-default elementor-section-height-default\" data-id=\"97f3df7\" data-element_type=\"section\" data-settings=\"{&quot;shape_divider_top&quot;:&quot;opacity-tilt&quot;}\">\n\t\t\t\t\t<div class=\"elementor-shape elementor-shape-top\" aria-hidden=\"true\" data-negative=\"false\">\n\t\t\t<svg xmlns=\"http:\/\/www.w3.org\/2000\/svg\" viewBox=\"0 0 2600 131.1\" preserveAspectRatio=\"none\">\n\t<path class=\"elementor-shape-fill\" d=\"M0 0L2600 0 2600 69.1 0 0z\"\/>\n\t<path class=\"elementor-shape-fill\" style=\"opacity:0.5\" d=\"M0 0L2600 0 2600 69.1 0 69.1z\"\/>\n\t<path class=\"elementor-shape-fill\" style=\"opacity:0.25\" d=\"M2600 0L0 0 0 130.1 2600 69.1z\"\/>\n<\/svg>\t\t<\/div>\n\t\t\t\t\t<div class=\"elementor-container elementor-column-gap-default\">\n\t\t\t\t\t<div class=\"elementor-column elementor-col-50 elementor-inner-column elementor-element elementor-element-d871410\" data-id=\"d871410\" data-element_type=\"column\">\n\t\t\t<div class=\"elementor-widget-wrap elementor-element-populated\">\n\t\t\t\t\t\t<div class=\"elementor-element elementor-element-bbcbbfd elementor-widget elementor-widget-text-editor\" data-id=\"bbcbbfd\" data-element_type=\"widget\" data-widget_type=\"text-editor.default\">\n\t\t\t\t<div class=\"elementor-widget-container\">\n\t\t\t\t\t\t\t\t\t<p><strong><span style=\"color: #ff9900;\">Sistema de Avalia\u00e7\u00e3o<\/span><\/strong><\/p><p>O ano letivo est\u00e1 dividido em 4 bimestres e apresenta os seguintes instrumentos avaliativos:<br \/>\u2013 Provas bimestrais;<br \/>\u2013 Provas e atividades mensais avaliativas (parcelada);<br \/>\u2013 Pesquisas, trabalhos e semin\u00e1rios;<br \/>\u2013 Relat\u00f3rios, exerc\u00edcios e livros paradid\u00e1ticos;<br \/>\u2013 Simulados<br \/>\u00c9 v\u00e1lido lembrar que ser\u00e1 considerado aprovado o aluno com m\u00e9dia final igual ou superior a 7,0 e com frequ\u00eancia igual ou superior a 75%.<\/p>\t\t\t\t\t\t\t\t<\/div>\n\t\t\t\t<\/div>\n\t\t\t\t\t<\/div>\n\t\t<\/div>\n\t\t\t\t<div class=\"elementor-column elementor-col-50 elementor-inner-column elementor-element elementor-element-8d57e38\" data-id=\"8d57e38\" data-element_type=\"column\">\n\t\t\t<div class=\"elementor-widget-wrap elementor-element-populated\">\n\t\t\t\t\t\t<div class=\"elementor-element elementor-element-b2acd30 elementor-widget elementor-widget-text-editor\" data-id=\"b2acd30\" data-element_type=\"widget\" data-widget_type=\"text-editor.default\">\n\t\t\t\t<div class=\"elementor-widget-container\">\n\t\t\t\t\t\t\t\t\t<p><strong><span style=\"color: #ff9900;\">Destaque<\/span><\/strong><\/p><ul><li>Educa\u00e7\u00e3o por Princ\u00edpios;<\/li><li>Forma\u00e7\u00e3o Humana e Orienta\u00e7\u00e3o Vocacional;<\/li><li>Educa\u00e7\u00e3o Tecnol\u00f3gica Rob\u00f3tica) Via Maker;<\/li><li>Projeto Bil\u00edngue \u2013 Wizard by Pearson<\/li><li>Fam\u00edlia na escola;<\/li><li>Maior integra\u00e7\u00e3o entre as \u00e1reas de conhecimento;<\/li><li>Capacidade de investiga\u00e7\u00e3o cient\u00edfica e matem\u00e1tica;<\/li><li>Explora\u00e7\u00e3o de g\u00eaneros textuais em todas as \u00e1reas de conhecimento;<\/li><li>Olimp\u00edadas de Conhecimento;<\/li><li>Incentivo aos estudos;<\/li><li>Feira de Conhecimento;<\/li><li>Integra\u00e7\u00e3o e explora\u00e7\u00e3o das compet\u00eancias e habilidades;<\/li><li>Livro digital com acesso r\u00e1pido e direto.<\/li><li>E muito mais!<\/li><\/ul>\t\t\t\t\t\t\t\t<\/div>\n\t\t\t\t<\/div>\n\t\t\t\t\t<\/div>\n\t\t<\/div>\n\t\t\t\t\t<\/div>\n\t\t<\/section>\n\t\t\t\t<div class=\"elementor-element elementor-element-627f4dc elementor-skin-carousel elementor-arrows-yes elementor-pagination-type-bullets elementor-pagination-position-outside elementor-widget elementor-widget-media-carousel\" data-id=\"627f4dc\" data-element_type=\"widget\" data-settings=\"{&quot;skin&quot;:&quot;carousel&quot;,&quot;effect&quot;:&quot;slide&quot;,&quot;show_arrows&quot;:&quot;yes&quot;,&quot;pagination&quot;:&quot;bullets&quot;,&quot;speed&quot;:500,&quot;autoplay&quot;:&quot;yes&quot;,&quot;autoplay_speed&quot;:5000,&quot;loop&quot;:&quot;yes&quot;,&quot;pause_on_hover&quot;:&quot;yes&quot;,&quot;pause_on_interaction&quot;:&quot;yes&quot;,&quot;space_between&quot;:{&quot;unit&quot;:&quot;px&quot;,&quot;size&quot;:10,&quot;sizes&quot;:[]},&quot;space_between_tablet&quot;:{&quot;unit&quot;:&quot;px&quot;,&quot;size&quot;:10,&quot;sizes&quot;:[]},&quot;space_between_mobile&quot;:{&quot;unit&quot;:&quot;px&quot;,&quot;size&quot;:10,&quot;sizes&quot;:[]}}\" data-widget_type=\"media-carousel.default\">\n\t\t\t\t<div class=\"elementor-widget-container\">\n\t\t\t\t\t\t\t<div class=\"elementor-swiper\">\n\t\t\t<div class=\"elementor-main-swiper swiper-container\">\n\t\t\t\t<div class=\"swiper-wrapper\">\n\t\t\t\t\t\t\t\t\t\t\t<div class=\"swiper-slide\">\n\t\t\t\t\t\t\t\t\t<div class=\"elementor-carousel-image\" role=\"img\" aria-label=\"Mariana_kidsIMG_8217\" style=\"background-image: url(&#039;https:\/\/marianaribeiro.com.br\/2021\/wp-content\/uploads\/2020\/11\/Mariana_kidsIMG_8217.jpg&#039;)\">\n\n\t\t\t\n\t\t\t\t\t<\/div>\n\t\t\t\t\t\t\t\t<\/div>\n\t\t\t\t\t\t\t\t\t\t\t<div class=\"swiper-slide\">\n\t\t\t\t\t\t\t\t\t<div class=\"elementor-carousel-image\" role=\"img\" aria-label=\"WhatsApp Image 2021-09-28 at 12.31.24 (8)\" style=\"background-image: url(&#039;https:\/\/marianaribeiro.com.br\/2021\/wp-content\/uploads\/2021\/09\/WhatsApp-Image-2021-09-28-at-12.31.24-8.jpeg&#039;)\">\n\n\t\t\t\n\t\t\t\t\t<\/div>\n\t\t\t\t\t\t\t\t<\/div>\n\t\t\t\t\t\t\t\t\t\t\t<div class=\"swiper-slide\">\n\t\t\t\t\t\t\t\t\t<div class=\"elementor-carousel-image\" role=\"img\" aria-label=\"Mariana_kidsIMG_8135\" style=\"background-image: url(&#039;https:\/\/marianaribeiro.com.br\/2021\/wp-content\/uploads\/2020\/11\/Mariana_kidsIMG_8135.jpg&#039;)\">\n\n\t\t\t\n\t\t\t\t\t<\/div>\n\t\t\t\t\t\t\t\t<\/div>\n\t\t\t\t\t\t\t\t\t\t\t<div class=\"swiper-slide\">\n\t\t\t\t\t\t\t\t\t<div class=\"elementor-carousel-image\" role=\"img\" aria-label=\"DSC_0572\" style=\"background-image: url(&#039;https:\/\/marianaribeiro.com.br\/2021\/wp-content\/uploads\/2021\/09\/DSC_0572.jpg&#039;)\">\n\n\t\t\t\n\t\t\t\t\t<\/div>\n\t\t\t\t\t\t\t\t<\/div>\n\t\t\t\t\t\t\t\t\t\t\t<div class=\"swiper-slide\">\n\t\t\t\t\t\t\t\t\t<div class=\"elementor-carousel-image\" role=\"img\" aria-label=\"WhatsApp Image 2021-09-28 at 12.31.23 (8)\" style=\"background-image: url(&#039;https:\/\/marianaribeiro.com.br\/2021\/wp-content\/uploads\/2021\/09\/WhatsApp-Image-2021-09-28-at-12.31.23-8.jpeg&#039;)\">\n\n\t\t\t\n\t\t\t\t\t<\/div>\n\t\t\t\t\t\t\t\t<\/div>\n\t\t\t\t\t\t\t\t\t\t\t<div class=\"swiper-slide\">\n\t\t\t\t\t\t\t\t\t<div class=\"elementor-carousel-image\" role=\"img\" aria-label=\"WhatsApp Image 2021-09-28 at 12.31.23 (9)\" style=\"background-image: url(&#039;https:\/\/marianaribeiro.com.br\/2021\/wp-content\/uploads\/2021\/09\/WhatsApp-Image-2021-09-28-at-12.31.23-9.jpeg&#039;)\">\n\n\t\t\t\n\t\t\t\t\t<\/div>\n\t\t\t\t\t\t\t\t<\/div>\n\t\t\t\t\t\t\t\t\t\t\t<div class=\"swiper-slide\">\n\t\t\t\t\t\t\t\t\t<div class=\"elementor-carousel-image\" role=\"img\" aria-label=\"WhatsApp Image 2021-09-28 at 12.31.24 (7)\" style=\"background-image: url(&#039;https:\/\/marianaribeiro.com.br\/2021\/wp-content\/uploads\/2021\/09\/WhatsApp-Image-2021-09-28-at-12.31.24-7.jpeg&#039;)\">\n\n\t\t\t\n\t\t\t\t\t<\/div>\n\t\t\t\t\t\t\t\t<\/div>\n\t\t\t\t\t\t\t\t\t\t\t<div class=\"swiper-slide\">\n\t\t\t\t\t\t\t\t\t<div class=\"elementor-carousel-image\" role=\"img\" aria-label=\"WhatsApp Image 2021-09-28 at 12.31.24 (6)\" style=\"background-image: url(&#039;https:\/\/marianaribeiro.com.br\/2021\/wp-content\/uploads\/2021\/09\/WhatsApp-Image-2021-09-28-at-12.31.24-6.jpeg&#039;)\">\n\n\t\t\t\n\t\t\t\t\t<\/div>\n\t\t\t\t\t\t\t\t<\/div>\n\t\t\t\t\t\t\t\t\t<\/div>\n\t\t\t\t\t\t\t\t\t\t\t\t\t\t\t<div class=\"swiper-pagination\"><\/div>\n\t\t\t\t\t\t\t\t\t\t\t\t\t\t\t\t<div class=\"elementor-swiper-button elementor-swiper-button-prev\" role=\"button\" tabindex=\"0\">\n\t\t\t\t\t\t\t<i aria-hidden=\"true\" class=\"eicon-chevron-left\"><\/i>\t\t\t\t\t\t\t<span class=\"elementor-screen-only\">Previous<\/span>\n\t\t\t\t\t\t<\/div>\n\t\t\t\t\t\t<div class=\"elementor-swiper-button elementor-swiper-button-next\" role=\"button\" tabindex=\"0\">\n\t\t\t\t\t\t\t<i aria-hidden=\"true\" class=\"eicon-chevron-right\"><\/i>\t\t\t\t\t\t\t<span class=\"elementor-screen-only\">Next<\/span>\n\t\t\t\t\t\t<\/div>\n\t\t\t\t\t\t\t\t\t\t\t\t<\/div>\n\t\t<\/div>\n\t\t\t\t\t\t<\/div>\n\t\t\t\t<\/div>\n\t\t\t\t\t<\/div>\n\t\t<\/div>\n\t\t\t\t\t<\/div>\n\t\t<\/section>\n\t\t\t\t<\/div>\n\t\t","protected":false},"excerpt":{"rendered":"<p class=\"qua-blog-post-description\">Ensino Fundamental &#8211; Anos Finais Nos Anos Finais do Ensino Fundamental (6\u00ba ao 9\u00ba ano), O N.E. Mariana Ribeiro tem como meta de educa\u00e7\u00e3o a forma\u00e7\u00e3o integral do educando, por meio do desenvolvimento de suas potencialidades (motoras, afetivas, sociais, espirituais e cognitivas), pois nesta fase os alunos passam por grandes mudan\u00e7as f\u00edsicas, emocionais e psicol\u00f3gicas. [&hellip;]<\/p>\n","protected":false},"author":1,"featured_media":0,"parent":0,"menu_order":0,"comment_status":"closed","ping_status":"closed","template":"elementor_header_footer","meta":{"ngg_post_thumbnail":0,"footnotes":""},"class_list":["post-1180","page","type-page","status-publish","hentry"],"_links":{"self":[{"href":"https:\/\/marianaribeiro.com.br\/2021\/wp-json\/wp\/v2\/pages\/1180","targetHints":{"allow":["GET"]}}],"collection":[{"href":"https:\/\/marianaribeiro.com.br\/2021\/wp-json\/wp\/v2\/pages"}],"about":[{"href":"https:\/\/marianaribeiro.com.br\/2021\/wp-json\/wp\/v2\/types\/page"}],"author":[{"embeddable":true,"href":"https:\/\/marianaribeiro.com.br\/2021\/wp-json\/wp\/v2\/users\/1"}],"replies":[{"embeddable":true,"href":"https:\/\/marianaribeiro.com.br\/2021\/wp-json\/wp\/v2\/comments?post=1180"}],"version-history":[{"count":35,"href":"https:\/\/marianaribeiro.com.br\/2021\/wp-json\/wp\/v2\/pages\/1180\/revisions"}],"predecessor-version":[{"id":1952,"href":"https:\/\/marianaribeiro.com.br\/2021\/wp-json\/wp\/v2\/pages\/1180\/revisions\/1952"}],"wp:attachment":[{"href":"https:\/\/marianaribeiro.com.br\/2021\/wp-json\/wp\/v2\/media?parent=1180"}],"curies":[{"name":"wp","href":"https:\/\/api.w.org\/{rel}","templated":true}]}}