{"id":1014,"date":"2021-07-05T18:36:45","date_gmt":"2021-07-05T18:36:45","guid":{"rendered":"https:\/\/marianaribeiro.com.br\/2021\/?page_id=1014"},"modified":"2021-09-22T17:17:43","modified_gmt":"2021-09-22T17:17:43","slug":"filosofia","status":"publish","type":"page","link":"https:\/\/marianaribeiro.com.br\/2021\/filosofia\/","title":{"rendered":"Filosofia"},"content":{"rendered":"\t\t<div data-elementor-type=\"wp-post\" data-elementor-id=\"1014\" class=\"elementor elementor-1014\" data-elementor-post-type=\"page\">\n\t\t\t\t\t\t<section class=\"elementor-section elementor-top-section elementor-element elementor-element-a9aa707 elementor-section-boxed elementor-section-height-default elementor-section-height-default\" data-id=\"a9aa707\" data-element_type=\"section\">\n\t\t\t\t\t\t<div class=\"elementor-container elementor-column-gap-default\">\n\t\t\t\t\t<div class=\"elementor-column elementor-col-100 elementor-top-column elementor-element elementor-element-1c3dcae\" data-id=\"1c3dcae\" data-element_type=\"column\">\n\t\t\t<div class=\"elementor-widget-wrap elementor-element-populated\">\n\t\t\t\t\t\t<div class=\"elementor-element elementor-element-a249102 elementor-widget elementor-widget-heading\" data-id=\"a249102\" data-element_type=\"widget\" data-widget_type=\"heading.default\">\n\t\t\t\t<div class=\"elementor-widget-container\">\n\t\t\t\t\t<h2 class=\"elementor-heading-title elementor-size-default\">Filosofia, Miss\u00e3o, Vis\u00e3o e Valores <\/h2>\t\t\t\t<\/div>\n\t\t\t\t<\/div>\n\t\t\t\t\t<\/div>\n\t\t<\/div>\n\t\t\t\t\t<\/div>\n\t\t<\/section>\n\t\t\t\t<section class=\"elementor-section elementor-top-section elementor-element elementor-element-bc17050 elementor-section-boxed elementor-section-height-default elementor-section-height-default\" data-id=\"bc17050\" data-element_type=\"section\">\n\t\t\t\t\t\t<div class=\"elementor-container elementor-column-gap-default\">\n\t\t\t\t\t<div class=\"elementor-column elementor-col-100 elementor-top-column elementor-element elementor-element-8e74aae\" data-id=\"8e74aae\" data-element_type=\"column\">\n\t\t\t<div class=\"elementor-widget-wrap elementor-element-populated\">\n\t\t\t\t\t\t<div class=\"elementor-element elementor-element-770697b elementor-widget-divider--separator-type-pattern elementor-widget-divider--no-spacing elementor-widget-divider--view-line elementor-widget elementor-widget-divider\" data-id=\"770697b\" data-element_type=\"widget\" data-widget_type=\"divider.default\">\n\t\t\t\t<div class=\"elementor-widget-container\">\n\t\t\t\t\t\t\t<div class=\"elementor-divider\" style=\"--divider-pattern-url: url(&quot;data:image\/svg+xml,%3Csvg xmlns=&#039;http:\/\/www.w3.org\/2000\/svg&#039; preserveAspectRatio=&#039;xMidYMid meet&#039; overflow=&#039;visible&#039; height=&#039;100%&#039; viewBox=&#039;0 0 126 26&#039; fill=&#039;black&#039; stroke=&#039;none&#039;%3E%3Cpath d=&#039;M3,10.2c2.6,0,2.6,2,2.6,3.2S4.4,16.5,3,16.5s-3-1.4-3-3.2S0.4,10.2,3,10.2z M18.8,10.2c1.7,0,3.2,1.4,3.2,3.2s-1.4,3.2-3.2,3.2c-1.7,0-3.2-1.4-3.2-3.2S17,10.2,18.8,10.2z M34.6,10.2c1.5,0,2.6,1.4,2.6,3.2s-0.5,3.2-1.9,3.2c-1.5,0-3.4-1.4-3.4-3.2S33.1,10.2,34.6,10.2z M50.5,10.2c1.7,0,3.2,1.4,3.2,3.2s-1.4,3.2-3.2,3.2c-1.7,0-3.3-0.9-3.3-2.6S48.7,10.2,50.5,10.2z M66.2,10.2c1.5,0,3.4,1.4,3.4,3.2s-1.9,3.2-3.4,3.2c-1.5,0-2.6-0.4-2.6-2.1S64.8,10.2,66.2,10.2z M82.2,10.2c1.7,0.8,2.6,1.4,2.6,3.2s-0.1,3.2-1.6,3.2c-1.5,0-3.7-1.4-3.7-3.2S80.5,9.4,82.2,10.2zM98.6,10.2c1.5,0,2.6,0.4,2.6,2.1s-1.2,4.2-2.6,4.2c-1.5,0-3.7-0.4-3.7-2.1S97.1,10.2,98.6,10.2z M113.4,10.2c1.2,0,2.2,0.9,2.2,3.2s-0.1,3.2-1.3,3.2s-3.1-1.4-3.1-3.2S112.2,10.2,113.4,10.2z&#039;\/%3E%3C\/svg%3E&quot;);\">\n\t\t\t<span class=\"elementor-divider-separator\">\n\t\t\t\t\t\t<\/span>\n\t\t<\/div>\n\t\t\t\t\t\t<\/div>\n\t\t\t\t<\/div>\n\t\t\t\t<section class=\"elementor-section elementor-inner-section elementor-element elementor-element-7867769 elementor-section-boxed elementor-section-height-default elementor-section-height-default\" data-id=\"7867769\" data-element_type=\"section\">\n\t\t\t\t\t\t<div class=\"elementor-container elementor-column-gap-default\">\n\t\t\t\t\t<div class=\"elementor-column elementor-col-50 elementor-inner-column elementor-element elementor-element-b9e8c69\" data-id=\"b9e8c69\" data-element_type=\"column\">\n\t\t\t<div class=\"elementor-widget-wrap elementor-element-populated\">\n\t\t\t\t\t\t<div class=\"elementor-element elementor-element-4552a74 elementor-widget elementor-widget-heading\" data-id=\"4552a74\" data-element_type=\"widget\" data-widget_type=\"heading.default\">\n\t\t\t\t<div class=\"elementor-widget-container\">\n\t\t\t\t\t<h2 class=\"elementor-heading-title elementor-size-default\">Filosofia<\/h2>\t\t\t\t<\/div>\n\t\t\t\t<\/div>\n\t\t\t\t\t<\/div>\n\t\t<\/div>\n\t\t\t\t<div class=\"elementor-column elementor-col-50 elementor-inner-column elementor-element elementor-element-5b4cd13\" data-id=\"5b4cd13\" data-element_type=\"column\">\n\t\t\t<div class=\"elementor-widget-wrap elementor-element-populated\">\n\t\t\t\t\t\t<div class=\"elementor-element elementor-element-63d934f elementor-widget elementor-widget-heading\" data-id=\"63d934f\" data-element_type=\"widget\" data-widget_type=\"heading.default\">\n\t\t\t\t<div class=\"elementor-widget-container\">\n\t\t\t\t\t<h2 class=\"elementor-heading-title elementor-size-default\">Valores<\/h2>\t\t\t\t<\/div>\n\t\t\t\t<\/div>\n\t\t\t\t\t<\/div>\n\t\t<\/div>\n\t\t\t\t\t<\/div>\n\t\t<\/section>\n\t\t\t\t<section class=\"elementor-section elementor-inner-section elementor-element elementor-element-2845d01 elementor-section-boxed elementor-section-height-default elementor-section-height-default\" data-id=\"2845d01\" data-element_type=\"section\">\n\t\t\t\t\t\t<div class=\"elementor-container elementor-column-gap-default\">\n\t\t\t\t\t<div class=\"elementor-column elementor-col-50 elementor-inner-column elementor-element elementor-element-22ad6ed\" data-id=\"22ad6ed\" data-element_type=\"column\">\n\t\t\t<div class=\"elementor-widget-wrap elementor-element-populated\">\n\t\t\t\t\t\t<div class=\"elementor-element elementor-element-8204c2f elementor-widget elementor-widget-text-editor\" data-id=\"8204c2f\" data-element_type=\"widget\" data-widget_type=\"text-editor.default\">\n\t\t\t\t<div class=\"elementor-widget-container\">\n\t\t\t\t\t\t\t\t\t<div dir=\"auto\">Uma hist\u00f3ria de <span style=\"color: #ff6600;\">ousadia<\/span>, <span style=\"color: #ff6600;\">supera\u00e7\u00e3o<\/span> e <span style=\"color: #ff6600;\">lideran\u00e7a<\/span> alicer\u00e7ada nos Princ\u00edpios Crist\u00e3os e nos quatro valores fundamentais: o saber, a \u00e9tica, o trabalho e o progresso: assim pode ser definida a trajet\u00f3ria do N\u00facleo Educacional Mariana Ribeiro.<\/div><div dir=\"auto\">\u00a0<\/div><div dir=\"auto\">Guiado por tais valores, nosso foco \u00e9 promover educa\u00e7\u00e3o de qualidade, o N\u00facleo Educacional Mariana Ribeiro trabalha alinhado \u00e0 sua pol\u00edtica de responsabilidade social, que tem como foco a <span style=\"color: #ff6600;\">educa\u00e7\u00e3o<\/span>, a <span style=\"color: #ff6600;\">inclus\u00e3o social<\/span> e a <span style=\"color: #ff6600;\">preserva\u00e7\u00e3o ambiental<\/span>.<\/div>\t\t\t\t\t\t\t\t<\/div>\n\t\t\t\t<\/div>\n\t\t\t\t\t<\/div>\n\t\t<\/div>\n\t\t\t\t<div class=\"elementor-column elementor-col-50 elementor-inner-column elementor-element elementor-element-dd0105a\" data-id=\"dd0105a\" data-element_type=\"column\">\n\t\t\t<div class=\"elementor-widget-wrap elementor-element-populated\">\n\t\t\t\t\t\t<div class=\"elementor-element elementor-element-e880a56 elementor-widget elementor-widget-text-editor\" data-id=\"e880a56\" data-element_type=\"widget\" data-widget_type=\"text-editor.default\">\n\t\t\t\t<div class=\"elementor-widget-container\">\n\t\t\t\t\t\t\t\t\t<p><strong>| <span style=\"color: #ff6600;\">Pessoais<\/span>:<\/strong>\u00a0dignidade, car\u00e1ter e integridade.\u00a0<\/p><p><strong>| <span style=\"color: #ff6600;\">Profissionais<\/span>:<\/strong>\u00a0\u00e9tica, compet\u00eancia, criatividade, disciplina, dedica\u00e7\u00e3o e disposi\u00e7\u00e3o para o trabalho volunt\u00e1rio.\u00a0<\/p><p><strong>| <span style=\"color: #ff6600;\">Interpessoais<\/span>:<\/strong>\u00a0lealdade, respeito m\u00fatuo, compreens\u00e3o, honestidade e humildade.\u00a0<\/p><p><strong>| <span style=\"color: #ff6600;\">Organizacionais<\/span>:<\/strong>\u00a0coopera\u00e7\u00e3o, esp\u00edrito de equipe, profissionalismo e comunica\u00e7\u00e3o eficiente.\u00a0<\/p><p><strong>| <span style=\"color: #ff6600;\">Sociais<\/span>:<\/strong>\u00a0participa\u00e7\u00e3o e presta\u00e7\u00e3o de servi\u00e7os \u00e0 comunidade.<\/p>\t\t\t\t\t\t\t\t<\/div>\n\t\t\t\t<\/div>\n\t\t\t\t\t<\/div>\n\t\t<\/div>\n\t\t\t\t\t<\/div>\n\t\t<\/section>\n\t\t\t\t<section class=\"elementor-section elementor-inner-section elementor-element elementor-element-3f3ba6a elementor-section-boxed elementor-section-height-default elementor-section-height-default\" data-id=\"3f3ba6a\" data-element_type=\"section\">\n\t\t\t\t\t\t<div class=\"elementor-container elementor-column-gap-default\">\n\t\t\t\t\t<div class=\"elementor-column elementor-col-50 elementor-inner-column elementor-element elementor-element-9891209\" data-id=\"9891209\" data-element_type=\"column\">\n\t\t\t<div class=\"elementor-widget-wrap elementor-element-populated\">\n\t\t\t\t\t\t<div class=\"elementor-element elementor-element-a39b59b elementor-widget elementor-widget-heading\" data-id=\"a39b59b\" data-element_type=\"widget\" data-widget_type=\"heading.default\">\n\t\t\t\t<div class=\"elementor-widget-container\">\n\t\t\t\t\t<h2 class=\"elementor-heading-title elementor-size-default\">Miss\u00e3o<\/h2>\t\t\t\t<\/div>\n\t\t\t\t<\/div>\n\t\t\t\t\t<\/div>\n\t\t<\/div>\n\t\t\t\t<div class=\"elementor-column elementor-col-50 elementor-inner-column elementor-element elementor-element-e67c7c8\" data-id=\"e67c7c8\" data-element_type=\"column\">\n\t\t\t<div class=\"elementor-widget-wrap elementor-element-populated\">\n\t\t\t\t\t\t<div class=\"elementor-element elementor-element-bd2207f elementor-widget elementor-widget-heading\" data-id=\"bd2207f\" data-element_type=\"widget\" data-widget_type=\"heading.default\">\n\t\t\t\t<div class=\"elementor-widget-container\">\n\t\t\t\t\t<h2 class=\"elementor-heading-title elementor-size-default\">Vis\u00e3o<\/h2>\t\t\t\t<\/div>\n\t\t\t\t<\/div>\n\t\t\t\t\t<\/div>\n\t\t<\/div>\n\t\t\t\t\t<\/div>\n\t\t<\/section>\n\t\t\t\t<section class=\"elementor-section elementor-inner-section elementor-element elementor-element-90e5651 elementor-section-boxed elementor-section-height-default elementor-section-height-default\" data-id=\"90e5651\" data-element_type=\"section\">\n\t\t\t\t\t\t<div class=\"elementor-container elementor-column-gap-default\">\n\t\t\t\t\t<div class=\"elementor-column elementor-col-50 elementor-inner-column elementor-element elementor-element-24b8e61\" data-id=\"24b8e61\" data-element_type=\"column\">\n\t\t\t<div class=\"elementor-widget-wrap elementor-element-populated\">\n\t\t\t\t\t\t<div class=\"elementor-element elementor-element-11bf4a9 elementor-widget elementor-widget-text-editor\" data-id=\"11bf4a9\" data-element_type=\"widget\" data-widget_type=\"text-editor.default\">\n\t\t\t\t<div class=\"elementor-widget-container\">\n\t\t\t\t\t\t\t\t\t<p>Por meio da educa\u00e7\u00e3o em um ambiente de f\u00e9 crist\u00e3 reformada, formar cidad\u00e3os \u00e9ticos, solid\u00e1rios e competentes.<\/p>\t\t\t\t\t\t\t\t<\/div>\n\t\t\t\t<\/div>\n\t\t\t\t\t<\/div>\n\t\t<\/div>\n\t\t\t\t<div class=\"elementor-column elementor-col-50 elementor-inner-column elementor-element elementor-element-7f34e99\" data-id=\"7f34e99\" data-element_type=\"column\">\n\t\t\t<div class=\"elementor-widget-wrap elementor-element-populated\">\n\t\t\t\t\t\t<div class=\"elementor-element elementor-element-bf0d35a elementor-widget elementor-widget-text-editor\" data-id=\"bf0d35a\" data-element_type=\"widget\" data-widget_type=\"text-editor.default\">\n\t\t\t\t<div class=\"elementor-widget-container\">\n\t\t\t\t\t\t\t\t\t<p>Ser refer\u00eancia na \u00e1rea da Educa\u00e7\u00e3o envolvendo Princ\u00edpios.<\/p>\t\t\t\t\t\t\t\t<\/div>\n\t\t\t\t<\/div>\n\t\t\t\t\t<\/div>\n\t\t<\/div>\n\t\t\t\t\t<\/div>\n\t\t<\/section>\n\t\t\t\t\t<\/div>\n\t\t<\/div>\n\t\t\t\t\t<\/div>\n\t\t<\/section>\n\t\t\t\t<\/div>\n\t\t","protected":false},"excerpt":{"rendered":"<p class=\"qua-blog-post-description\">Filosofia, Miss\u00e3o, Vis\u00e3o e Valores Filosofia Valores Uma hist\u00f3ria de ousadia, supera\u00e7\u00e3o e lideran\u00e7a alicer\u00e7ada nos Princ\u00edpios Crist\u00e3os e nos quatro valores fundamentais: o saber, a \u00e9tica, o trabalho e o progresso: assim pode ser definida a trajet\u00f3ria do N\u00facleo Educacional Mariana Ribeiro.\u00a0Guiado por tais valores, nosso foco \u00e9 promover educa\u00e7\u00e3o de qualidade, o N\u00facleo [&hellip;]<\/p>\n","protected":false},"author":1,"featured_media":0,"parent":0,"menu_order":0,"comment_status":"closed","ping_status":"closed","template":"elementor_header_footer","meta":{"ngg_post_thumbnail":0,"footnotes":""},"class_list":["post-1014","page","type-page","status-publish","hentry"],"_links":{"self":[{"href":"https:\/\/marianaribeiro.com.br\/2021\/wp-json\/wp\/v2\/pages\/1014","targetHints":{"allow":["GET"]}}],"collection":[{"href":"https:\/\/marianaribeiro.com.br\/2021\/wp-json\/wp\/v2\/pages"}],"about":[{"href":"https:\/\/marianaribeiro.com.br\/2021\/wp-json\/wp\/v2\/types\/page"}],"author":[{"embeddable":true,"href":"https:\/\/marianaribeiro.com.br\/2021\/wp-json\/wp\/v2\/users\/1"}],"replies":[{"embeddable":true,"href":"https:\/\/marianaribeiro.com.br\/2021\/wp-json\/wp\/v2\/comments?post=1014"}],"version-history":[{"count":55,"href":"https:\/\/marianaribeiro.com.br\/2021\/wp-json\/wp\/v2\/pages\/1014\/revisions"}],"predecessor-version":[{"id":1848,"href":"https:\/\/marianaribeiro.com.br\/2021\/wp-json\/wp\/v2\/pages\/1014\/revisions\/1848"}],"wp:attachment":[{"href":"https:\/\/marianaribeiro.com.br\/2021\/wp-json\/wp\/v2\/media?parent=1014"}],"curies":[{"name":"wp","href":"https:\/\/api.w.org\/{rel}","templated":true}]}}