{"id":1005,"date":"2021-07-05T18:23:52","date_gmt":"2021-07-05T18:23:52","guid":{"rendered":"https:\/\/marianaribeiro.com.br\/2021\/?page_id=1005"},"modified":"2021-09-22T17:15:17","modified_gmt":"2021-09-22T17:15:17","slug":"historia","status":"publish","type":"page","link":"https:\/\/marianaribeiro.com.br\/2021\/historia\/","title":{"rendered":"Hist\u00f3ria"},"content":{"rendered":"\t\t<div data-elementor-type=\"wp-post\" data-elementor-id=\"1005\" class=\"elementor elementor-1005\" data-elementor-post-type=\"page\">\n\t\t\t\t\t\t<section class=\"elementor-section elementor-top-section elementor-element elementor-element-eb270ed elementor-section-boxed elementor-section-height-default elementor-section-height-default\" data-id=\"eb270ed\" data-element_type=\"section\" data-settings=\"{&quot;shape_divider_top&quot;:&quot;opacity-tilt&quot;}\">\n\t\t\t\t\t<div class=\"elementor-shape elementor-shape-top\" aria-hidden=\"true\" data-negative=\"false\">\n\t\t\t<svg xmlns=\"http:\/\/www.w3.org\/2000\/svg\" viewBox=\"0 0 2600 131.1\" preserveAspectRatio=\"none\">\n\t<path class=\"elementor-shape-fill\" d=\"M0 0L2600 0 2600 69.1 0 0z\"\/>\n\t<path class=\"elementor-shape-fill\" style=\"opacity:0.5\" d=\"M0 0L2600 0 2600 69.1 0 69.1z\"\/>\n\t<path class=\"elementor-shape-fill\" style=\"opacity:0.25\" d=\"M2600 0L0 0 0 130.1 2600 69.1z\"\/>\n<\/svg>\t\t<\/div>\n\t\t\t\t\t<div class=\"elementor-container elementor-column-gap-default\">\n\t\t\t\t\t<div class=\"elementor-column elementor-col-100 elementor-top-column elementor-element elementor-element-6767547\" data-id=\"6767547\" data-element_type=\"column\">\n\t\t\t<div class=\"elementor-widget-wrap elementor-element-populated\">\n\t\t\t\t\t\t<div class=\"elementor-element elementor-element-d57e94b elementor-headline--style-highlight elementor-widget elementor-widget-animated-headline\" data-id=\"d57e94b\" data-element_type=\"widget\" data-settings=\"{&quot;marker&quot;:&quot;diagonal&quot;,&quot;highlighted_text&quot;:&quot;Nossa Hist\\u00f3ria&quot;,&quot;headline_style&quot;:&quot;highlight&quot;,&quot;loop&quot;:&quot;yes&quot;,&quot;highlight_animation_duration&quot;:1200,&quot;highlight_iteration_delay&quot;:8000}\" data-widget_type=\"animated-headline.default\">\n\t\t\t\t<div class=\"elementor-widget-container\">\n\t\t\t\t\t\t\t<h3 class=\"elementor-headline\">\n\t\t\t\t<span class=\"elementor-headline-dynamic-wrapper elementor-headline-text-wrapper\">\n\t\t\t\t\t<span class=\"elementor-headline-dynamic-text elementor-headline-text-active\">Nossa Hist\u00f3ria<\/span>\n\t\t\t\t<\/span>\n\t\t\t\t<\/h3>\n\t\t\t\t\t\t<\/div>\n\t\t\t\t<\/div>\n\t\t\t\t<div class=\"elementor-element elementor-element-829eedf elementor-widget-divider--separator-type-pattern elementor-widget-divider--no-spacing elementor-widget-divider--view-line elementor-widget elementor-widget-divider\" data-id=\"829eedf\" data-element_type=\"widget\" data-widget_type=\"divider.default\">\n\t\t\t\t<div class=\"elementor-widget-container\">\n\t\t\t\t\t\t\t<div class=\"elementor-divider\" style=\"--divider-pattern-url: url(&quot;data:image\/svg+xml,%3Csvg xmlns=&#039;http:\/\/www.w3.org\/2000\/svg&#039; preserveAspectRatio=&#039;xMidYMid meet&#039; overflow=&#039;visible&#039; height=&#039;100%&#039; viewBox=&#039;0 0 126 26&#039; fill=&#039;black&#039; stroke=&#039;none&#039;%3E%3Cpath d=&#039;M3,10.2c2.6,0,2.6,2,2.6,3.2S4.4,16.5,3,16.5s-3-1.4-3-3.2S0.4,10.2,3,10.2z M18.8,10.2c1.7,0,3.2,1.4,3.2,3.2s-1.4,3.2-3.2,3.2c-1.7,0-3.2-1.4-3.2-3.2S17,10.2,18.8,10.2z M34.6,10.2c1.5,0,2.6,1.4,2.6,3.2s-0.5,3.2-1.9,3.2c-1.5,0-3.4-1.4-3.4-3.2S33.1,10.2,34.6,10.2z M50.5,10.2c1.7,0,3.2,1.4,3.2,3.2s-1.4,3.2-3.2,3.2c-1.7,0-3.3-0.9-3.3-2.6S48.7,10.2,50.5,10.2z M66.2,10.2c1.5,0,3.4,1.4,3.4,3.2s-1.9,3.2-3.4,3.2c-1.5,0-2.6-0.4-2.6-2.1S64.8,10.2,66.2,10.2z M82.2,10.2c1.7,0.8,2.6,1.4,2.6,3.2s-0.1,3.2-1.6,3.2c-1.5,0-3.7-1.4-3.7-3.2S80.5,9.4,82.2,10.2zM98.6,10.2c1.5,0,2.6,0.4,2.6,2.1s-1.2,4.2-2.6,4.2c-1.5,0-3.7-0.4-3.7-2.1S97.1,10.2,98.6,10.2z M113.4,10.2c1.2,0,2.2,0.9,2.2,3.2s-0.1,3.2-1.3,3.2s-3.1-1.4-3.1-3.2S112.2,10.2,113.4,10.2z&#039;\/%3E%3C\/svg%3E&quot;);\">\n\t\t\t<span class=\"elementor-divider-separator\">\n\t\t\t\t\t\t<\/span>\n\t\t<\/div>\n\t\t\t\t\t\t<\/div>\n\t\t\t\t<\/div>\n\t\t\t\t\t<\/div>\n\t\t<\/div>\n\t\t\t\t\t<\/div>\n\t\t<\/section>\n\t\t\t\t<section class=\"elementor-section elementor-top-section elementor-element elementor-element-d71c3cf elementor-section-boxed elementor-section-height-default elementor-section-height-default\" data-id=\"d71c3cf\" data-element_type=\"section\">\n\t\t\t\t\t\t<div class=\"elementor-container elementor-column-gap-default\">\n\t\t\t\t\t<div class=\"elementor-column elementor-col-100 elementor-top-column elementor-element elementor-element-0e82d40\" data-id=\"0e82d40\" data-element_type=\"column\">\n\t\t\t<div class=\"elementor-widget-wrap elementor-element-populated\">\n\t\t\t\t\t\t<div class=\"elementor-element elementor-element-e79b1fb elementor-widget elementor-widget-text-editor\" data-id=\"e79b1fb\" data-element_type=\"widget\" data-widget_type=\"text-editor.default\">\n\t\t\t\t<div class=\"elementor-widget-container\">\n\t\t\t\t\t\t\t\t\t<div class=\"template-content-section template-main module\"><div class=\"template-component-tab ui-tabs ui-widget ui-widget-content ui-corner-all\"><div id=\"tab-Historia2\" class=\"template-component-list template-component-list-style-4 the-content ui-tabs-panel ui-widget-content ui-corner-bottom\" role=\"tabpanel\" aria-labelledby=\"ui-id-3\" aria-hidden=\"false\"><p>Desde crian\u00e7a, a brincadeira predileta da nossa Diretora e Mantenedora, Michele Bachesque, era brincar de escolinha: anos depois, ela se tornou estudante de Pedagogia. Sonhadora e amante da sua \u00e1rea de atua\u00e7\u00e3o como professora, iniciou a concretiza\u00e7\u00e3o do seu sonho com apenas 6 alunos, nas depend\u00eancias da Igreja Presbiteriana da Vila Pinheiro em Jacare\u00ed\/SP. Nessa \u00e9poca, j\u00e1 despontava em Michele a preocupa\u00e7\u00e3o com os caminhos que a educa\u00e7\u00e3o brasileira tomava, surgindo em seu cora\u00e7\u00e3o o desejo de construir uma escola voltada \u00e0 educa\u00e7\u00e3o infantil e comprometida com as crian\u00e7as da comunidade.<\/p><p><strong>1994<\/strong> | Funda\u00e7\u00e3o da Escola de Educa\u00e7\u00e3o Infantil <span style=\"text-decoration: underline;\">Gente Pequena<\/span> no dia 5 de agosto.\u00a0<\/p><p><strong>2002<\/strong> | Juliano Bachesque se alia ao sonho da irm\u00e3 e, em homenagem a av\u00f3 deles, dona Mariana Ribeiro &#8211; mulher de grande influ\u00eancia na vida dos irm\u00e3os -, a escola se expande para o Ensino Fundamental I. Nasce assim, o Instituto Educacional Mariana Ribeiro.\u00a0<\/p><p><strong>2006<\/strong> | Implementa\u00e7\u00e3o do Ensino Fundamental II.\u00a0<\/p><p><strong>2013<\/strong> | Com a aquisi\u00e7\u00e3o de mais um espa\u00e7o f\u00edsico, surge o N\u00facleo Educacional Mariana Ribeiro Kids, localizado no bairro Altos de Santana II.<\/p><p><strong>2018<\/strong> | O N\u00facleo Educacional Mariana Ribeiro se muda para o bairro Altos de Santana I.<\/p><p>A unidade do Altos de Santana II, Mariana Ribeiro Kids, \u00e9 refer\u00eancia em ensino de qualidade na Educa\u00e7\u00e3o Infantil e re\u00fane as faixas et\u00e1rias do Ber\u00e7\u00e1rio ao Jardim II, sob o cuidado minucioso e zelo constante da equipe orientada pela Pedagoga Michele Cristina Soares Bachesque &#8211; personalidade de destaque na cidade, n\u00e3o s\u00f3 por seus servi\u00e7os prestados mas principalmente por sua hist\u00f3ria de vida em prol da comunidade.<\/p><p>A unidade do Altos de Santana I, N\u00facleo Educacional Mariana Ribeiro, oferece educa\u00e7\u00e3o de excelente qualidade no Ensino Fundamental I e II, focando no desenvolvimento dos alunos sob a m\u00e1xima: <em><span style=\"color: #ff9900;\"><strong>A melhor escola \u00e9 aquela que prepara os seus alunos para a vida!<\/strong><\/span><\/em><\/p><p>Nesse sentido, v\u00e1rios projetos s\u00e3o inseridos no curr\u00edculo acad\u00eamico do aluno, possibilitando o desenvolvimento de compet\u00eancias variadas, as quais agregam valores \u00e0 fam\u00edlia e \u00e0 sociedade no geral.<\/p><\/div><\/div><\/div>\t\t\t\t\t\t\t\t<\/div>\n\t\t\t\t<\/div>\n\t\t\t\t\t<\/div>\n\t\t<\/div>\n\t\t\t\t\t<\/div>\n\t\t<\/section>\n\t\t\t\t<\/div>\n\t\t","protected":false},"excerpt":{"rendered":"<p class=\"qua-blog-post-description\">Nossa Hist\u00f3ria Desde crian\u00e7a, a brincadeira predileta da nossa Diretora e Mantenedora, Michele Bachesque, era brincar de escolinha: anos depois, ela se tornou estudante de Pedagogia. Sonhadora e amante da sua \u00e1rea de atua\u00e7\u00e3o como professora, iniciou a concretiza\u00e7\u00e3o do seu sonho com apenas 6 alunos, nas depend\u00eancias da Igreja Presbiteriana da Vila Pinheiro em [&hellip;]<\/p>\n","protected":false},"author":1,"featured_media":0,"parent":0,"menu_order":0,"comment_status":"closed","ping_status":"closed","template":"elementor_header_footer","meta":{"ngg_post_thumbnail":0,"footnotes":""},"class_list":["post-1005","page","type-page","status-publish","hentry"],"_links":{"self":[{"href":"https:\/\/marianaribeiro.com.br\/2021\/wp-json\/wp\/v2\/pages\/1005","targetHints":{"allow":["GET"]}}],"collection":[{"href":"https:\/\/marianaribeiro.com.br\/2021\/wp-json\/wp\/v2\/pages"}],"about":[{"href":"https:\/\/marianaribeiro.com.br\/2021\/wp-json\/wp\/v2\/types\/page"}],"author":[{"embeddable":true,"href":"https:\/\/marianaribeiro.com.br\/2021\/wp-json\/wp\/v2\/users\/1"}],"replies":[{"embeddable":true,"href":"https:\/\/marianaribeiro.com.br\/2021\/wp-json\/wp\/v2\/comments?post=1005"}],"version-history":[{"count":48,"href":"https:\/\/marianaribeiro.com.br\/2021\/wp-json\/wp\/v2\/pages\/1005\/revisions"}],"predecessor-version":[{"id":1845,"href":"https:\/\/marianaribeiro.com.br\/2021\/wp-json\/wp\/v2\/pages\/1005\/revisions\/1845"}],"wp:attachment":[{"href":"https:\/\/marianaribeiro.com.br\/2021\/wp-json\/wp\/v2\/media?parent=1005"}],"curies":[{"name":"wp","href":"https:\/\/api.w.org\/{rel}","templated":true}]}}